{"id":33450,"date":"2023-04-12T13:42:11","date_gmt":"2023-04-12T12:42:11","guid":{"rendered":"https:\/\/melegbait.com\/?post_type=product&#038;p=33450"},"modified":"2024-02-09T20:48:01","modified_gmt":"2024-02-09T19:48:01","slug":"soft-pellets-vanilla","status":"publish","type":"product","link":"https:\/\/melegbait.ba\/en\/product\/soft-pellets-vanilla\/","title":{"rendered":"Soft pellets &#8211; Vanilla"},"content":{"rendered":"<p>Soft Pellet is a ready-made product for fishing and ready to use. It contains all the necessary amino acids and hunger triggers and does not need to be added to it. It is very easy to use and does not stain the utensils. The Soft Pellet is made and specially designed for Method Feeder and Match fishing, but has also performed extremely well in Carp fishing where the Soft Pellet can be added to PVA netting.\nAll pellets from the Meleg Bait range are low in protein and easily digestible. They can be used equally during all four seasons.\n-Vanilla is our unique taste and aroma, which we obtained by improving several types of concentrated aromas with biscuit. The fish really reacts instinctively to the strong signal that the Soft Pellet gives us.<\/p>","protected":false},"excerpt":{"rendered":"<p>Soft Pellet je ve\u0107 pripremljen proizvod za ribolov i spreman za kori\u0161\u0107enje. Sadr\u017ei sve potrebne amino kiseline i izaziva\u010de gladi i u njega nije potrebno dodavati vodu. Koristi se vrlo lako i ne prlja pribor. Soft pellet je napravljen i posebno dizajniran za Method Feeder i Match ribolov, ali se izuzetno dobro pokazao i u [&hellip;]<\/p>","protected":false},"featured_media":33452,"comment_status":"open","ping_status":"closed","template":"","meta":{"_et_pb_use_builder":"off","_et_pb_old_content":"SRB\r\nSoft Pellet je ve\u0107 pripremljen proizvod za ribolov i spreman za kori\u0161\u0107enje. Sadr\u017ei sve potrebne amino kiseline i izaziva\u010de gladi i u njega nije potrebno dodavati vodu. Koristi se vrlo lako i ne prlja pribor. Soft pellet je napravljen i posebno dizajniran za Method Feeder i Match ribolov, ali se izuzetno dobro pokazao i u Carp ribolovu gde se Soft Pellet mo\u017ee dodavati u PVA mre\u017eicu.\r\nSvi\u00a0 peleti iz asortimana Meleg Bait su nisko proteinski u lako svarljivi. Mogu se jednako koristiti tokom sva \u010detiri godi\u0161nja doba.\r\n-Vanilla je na\u0161 jedinstven ukus i aroma koju smo dobili pobolj\u0161anjem vise vrsta koncentrovanih aroma sa biskvitom. Riba zaista reaguje instiktivno na jak signal koji daje nas Soft Pellet.\r\n\r\nENG\r\nSoft Pellet is a ready-made product for fishing and ready to use. It contains all the necessary amino acids and hunger triggers and does not need to be added to it. It is very easy to use and does not stain the utensils. The Soft Pellet is made and specially designed for Method Feeder and Match fishing, but has also performed extremely well in Carp fishing where the Soft Pellet can be added to PVA netting.\r\nAll pellets from the Meleg Bait range are low in protein and easily digestible. They can be used equally during all four seasons.\r\n-Vanilla is our unique taste and aroma, which we obtained by improving several types of concentrated aromas with biscuit. The fish really reacts instinctively to the strong signal that the Soft Pellet gives us.","_et_gb_content_width":""},"product_brand":[],"product_cat":[47,48],"product_tag":[],"class_list":{"0":"post-33450","1":"product","2":"type-product","3":"status-publish","4":"has-post-thumbnail","6":"product_cat-feeder-i-match","7":"product_cat-soft-pellets","9":"first","10":"instock","11":"taxable","12":"shipping-taxable","13":"purchasable","14":"product-type-simple"},"yoast_head":"<!-- This site is optimized with the Yoast SEO plugin v26.7 - https:\/\/yoast.com\/wordpress\/plugins\/seo\/ -->\n<title>Soft pellets - Vanilla - Meleg bait BiH<\/title>\n<meta name=\"robots\" content=\"index, follow, max-snippet:-1, max-image-preview:large, max-video-preview:-1\" \/>\n<link rel=\"canonical\" href=\"https:\/\/melegbait.ba\/en\/product\/soft-pellets-vanilla\/\" \/>\n<meta property=\"og:locale\" content=\"en_GB\" \/>\n<meta property=\"og:type\" content=\"article\" \/>\n<meta property=\"og:title\" content=\"Soft pellets - Vanilla - Meleg bait BiH\" \/>\n<meta property=\"og:description\" content=\"Soft Pellet je ve\u0107 pripremljen proizvod za ribolov i spreman za kori\u0161\u0107enje. Sadr\u017ei sve potrebne amino kiseline i izaziva\u010de gladi i u njega nije potrebno dodavati vodu. Koristi se vrlo lako i ne prlja pribor. Soft pellet je napravljen i posebno dizajniran za Method Feeder i Match ribolov, ali se izuzetno dobro pokazao i u [&hellip;]\" \/>\n<meta property=\"og:url\" content=\"https:\/\/melegbait.ba\/en\/product\/soft-pellets-vanilla\/\" \/>\n<meta property=\"og:site_name\" content=\"Meleg bait BiH\" \/>\n<meta property=\"article:publisher\" content=\"https:\/\/www.facebook.com\/MelegBait\" \/>\n<meta property=\"article:modified_time\" content=\"2024-02-09T19:48:01+00:00\" \/>\n<meta property=\"og:image\" content=\"https:\/\/melegbait.ba\/wp-content\/uploads\/2023\/04\/5B4040A5-A329-4E57-BCE6-2E42986E2F48.jpeg\" \/>\n\t<meta property=\"og:image:width\" content=\"591\" \/>\n\t<meta property=\"og:image:height\" content=\"750\" \/>\n\t<meta property=\"og:image:type\" content=\"image\/jpeg\" \/>\n<meta name=\"twitter:card\" content=\"summary_large_image\" \/>\n<meta name=\"twitter:label1\" content=\"Estimated reading time\" \/>\n\t<meta name=\"twitter:data1\" content=\"1 minute\" \/>\n<script type=\"application\/ld+json\" class=\"yoast-schema-graph\">{\"@context\":\"https:\/\/schema.org\",\"@graph\":[{\"@type\":\"WebPage\",\"@id\":\"https:\/\/melegbait.ba\/product\/soft-pellets-vanilla\/\",\"url\":\"https:\/\/melegbait.ba\/product\/soft-pellets-vanilla\/\",\"name\":\"Soft pellets - Vanilla - Meleg bait BiH\",\"isPartOf\":{\"@id\":\"https:\/\/melegbait.ba\/#website\"},\"primaryImageOfPage\":{\"@id\":\"https:\/\/melegbait.ba\/product\/soft-pellets-vanilla\/#primaryimage\"},\"image\":{\"@id\":\"https:\/\/melegbait.ba\/product\/soft-pellets-vanilla\/#primaryimage\"},\"thumbnailUrl\":\"https:\/\/melegbait.ba\/wp-content\/uploads\/2023\/04\/5B4040A5-A329-4E57-BCE6-2E42986E2F48.jpeg\",\"datePublished\":\"2023-04-12T12:42:11+00:00\",\"dateModified\":\"2024-02-09T19:48:01+00:00\",\"breadcrumb\":{\"@id\":\"https:\/\/melegbait.ba\/product\/soft-pellets-vanilla\/#breadcrumb\"},\"inLanguage\":\"en-GB\",\"potentialAction\":[{\"@type\":\"ReadAction\",\"target\":[\"https:\/\/melegbait.ba\/product\/soft-pellets-vanilla\/\"]}]},{\"@type\":\"ImageObject\",\"inLanguage\":\"en-GB\",\"@id\":\"https:\/\/melegbait.ba\/product\/soft-pellets-vanilla\/#primaryimage\",\"url\":\"https:\/\/melegbait.ba\/wp-content\/uploads\/2023\/04\/5B4040A5-A329-4E57-BCE6-2E42986E2F48.jpeg\",\"contentUrl\":\"https:\/\/melegbait.ba\/wp-content\/uploads\/2023\/04\/5B4040A5-A329-4E57-BCE6-2E42986E2F48.jpeg\",\"width\":591,\"height\":750},{\"@type\":\"BreadcrumbList\",\"@id\":\"https:\/\/melegbait.ba\/product\/soft-pellets-vanilla\/#breadcrumb\",\"itemListElement\":[{\"@type\":\"ListItem\",\"position\":1,\"name\":\"Home\",\"item\":\"https:\/\/melegbait.ba\/\"},{\"@type\":\"ListItem\",\"position\":2,\"name\":\"Shop\",\"item\":\"https:\/\/melegbait.ba\/shop\/\"},{\"@type\":\"ListItem\",\"position\":3,\"name\":\"Soft pellets &#8211; Vanilla\"}]},{\"@type\":\"WebSite\",\"@id\":\"https:\/\/melegbait.ba\/#website\",\"url\":\"https:\/\/melegbait.ba\/\",\"name\":\"Meleg bait\",\"description\":\"Prodaja Feeder i \u0160aranskh komponenti i mamaca\",\"publisher\":{\"@id\":\"https:\/\/melegbait.ba\/#organization\"},\"potentialAction\":[{\"@type\":\"SearchAction\",\"target\":{\"@type\":\"EntryPoint\",\"urlTemplate\":\"https:\/\/melegbait.ba\/?s={search_term_string}\"},\"query-input\":{\"@type\":\"PropertyValueSpecification\",\"valueRequired\":true,\"valueName\":\"search_term_string\"}}],\"inLanguage\":\"en-GB\"},{\"@type\":\"Organization\",\"@id\":\"https:\/\/melegbait.ba\/#organization\",\"name\":\"Meleg Baits\",\"url\":\"https:\/\/melegbait.ba\/\",\"logo\":{\"@type\":\"ImageObject\",\"inLanguage\":\"en-GB\",\"@id\":\"https:\/\/melegbait.ba\/#\/schema\/logo\/image\/\",\"url\":\"https:\/\/melegbait.ba\/wp-content\/uploads\/2021\/02\/mblogo.jpg\",\"contentUrl\":\"https:\/\/melegbait.ba\/wp-content\/uploads\/2021\/02\/mblogo.jpg\",\"width\":250,\"height\":250,\"caption\":\"Meleg Baits\"},\"image\":{\"@id\":\"https:\/\/melegbait.ba\/#\/schema\/logo\/image\/\"},\"sameAs\":[\"https:\/\/www.facebook.com\/MelegBait\"]}]}<\/script>\n<!-- \/ Yoast SEO plugin. -->","yoast_head_json":{"title":"Soft pellets - Vanilla - Meleg bait BiH","robots":{"index":"index","follow":"follow","max-snippet":"max-snippet:-1","max-image-preview":"max-image-preview:large","max-video-preview":"max-video-preview:-1"},"canonical":"https:\/\/melegbait.ba\/en\/product\/soft-pellets-vanilla\/","og_locale":"en_GB","og_type":"article","og_title":"Soft pellets - Vanilla - Meleg bait BiH","og_description":"Soft Pellet je ve\u0107 pripremljen proizvod za ribolov i spreman za kori\u0161\u0107enje. Sadr\u017ei sve potrebne amino kiseline i izaziva\u010de gladi i u njega nije potrebno dodavati vodu. Koristi se vrlo lako i ne prlja pribor. Soft pellet je napravljen i posebno dizajniran za Method Feeder i Match ribolov, ali se izuzetno dobro pokazao i u [&hellip;]","og_url":"https:\/\/melegbait.ba\/en\/product\/soft-pellets-vanilla\/","og_site_name":"Meleg bait BiH","article_publisher":"https:\/\/www.facebook.com\/MelegBait","article_modified_time":"2024-02-09T19:48:01+00:00","og_image":[{"width":591,"height":750,"url":"https:\/\/melegbait.ba\/wp-content\/uploads\/2023\/04\/5B4040A5-A329-4E57-BCE6-2E42986E2F48.jpeg","type":"image\/jpeg"}],"twitter_card":"summary_large_image","twitter_misc":{"Estimated reading time":"1 minute"},"schema":{"@context":"https:\/\/schema.org","@graph":[{"@type":"WebPage","@id":"https:\/\/melegbait.ba\/product\/soft-pellets-vanilla\/","url":"https:\/\/melegbait.ba\/product\/soft-pellets-vanilla\/","name":"Soft pellets - Vanilla - Meleg bait BiH","isPartOf":{"@id":"https:\/\/melegbait.ba\/#website"},"primaryImageOfPage":{"@id":"https:\/\/melegbait.ba\/product\/soft-pellets-vanilla\/#primaryimage"},"image":{"@id":"https:\/\/melegbait.ba\/product\/soft-pellets-vanilla\/#primaryimage"},"thumbnailUrl":"https:\/\/melegbait.ba\/wp-content\/uploads\/2023\/04\/5B4040A5-A329-4E57-BCE6-2E42986E2F48.jpeg","datePublished":"2023-04-12T12:42:11+00:00","dateModified":"2024-02-09T19:48:01+00:00","breadcrumb":{"@id":"https:\/\/melegbait.ba\/product\/soft-pellets-vanilla\/#breadcrumb"},"inLanguage":"en-GB","potentialAction":[{"@type":"ReadAction","target":["https:\/\/melegbait.ba\/product\/soft-pellets-vanilla\/"]}]},{"@type":"ImageObject","inLanguage":"en-GB","@id":"https:\/\/melegbait.ba\/product\/soft-pellets-vanilla\/#primaryimage","url":"https:\/\/melegbait.ba\/wp-content\/uploads\/2023\/04\/5B4040A5-A329-4E57-BCE6-2E42986E2F48.jpeg","contentUrl":"https:\/\/melegbait.ba\/wp-content\/uploads\/2023\/04\/5B4040A5-A329-4E57-BCE6-2E42986E2F48.jpeg","width":591,"height":750},{"@type":"BreadcrumbList","@id":"https:\/\/melegbait.ba\/product\/soft-pellets-vanilla\/#breadcrumb","itemListElement":[{"@type":"ListItem","position":1,"name":"Home","item":"https:\/\/melegbait.ba\/"},{"@type":"ListItem","position":2,"name":"Shop","item":"https:\/\/melegbait.ba\/shop\/"},{"@type":"ListItem","position":3,"name":"Soft pellets &#8211; Vanilla"}]},{"@type":"WebSite","@id":"https:\/\/melegbait.ba\/#website","url":"https:\/\/melegbait.ba\/","name":"Meleg bait","description":"Prodaja Feeder i \u0160aranskh komponenti i mamaca","publisher":{"@id":"https:\/\/melegbait.ba\/#organization"},"potentialAction":[{"@type":"SearchAction","target":{"@type":"EntryPoint","urlTemplate":"https:\/\/melegbait.ba\/?s={search_term_string}"},"query-input":{"@type":"PropertyValueSpecification","valueRequired":true,"valueName":"search_term_string"}}],"inLanguage":"en-GB"},{"@type":"Organization","@id":"https:\/\/melegbait.ba\/#organization","name":"Meleg Baits","url":"https:\/\/melegbait.ba\/","logo":{"@type":"ImageObject","inLanguage":"en-GB","@id":"https:\/\/melegbait.ba\/#\/schema\/logo\/image\/","url":"https:\/\/melegbait.ba\/wp-content\/uploads\/2021\/02\/mblogo.jpg","contentUrl":"https:\/\/melegbait.ba\/wp-content\/uploads\/2021\/02\/mblogo.jpg","width":250,"height":250,"caption":"Meleg Baits"},"image":{"@id":"https:\/\/melegbait.ba\/#\/schema\/logo\/image\/"},"sameAs":["https:\/\/www.facebook.com\/MelegBait"]}]}},"_links":{"self":[{"href":"https:\/\/melegbait.ba\/en\/wp-json\/wp\/v2\/product\/33450","targetHints":{"allow":["GET"]}}],"collection":[{"href":"https:\/\/melegbait.ba\/en\/wp-json\/wp\/v2\/product"}],"about":[{"href":"https:\/\/melegbait.ba\/en\/wp-json\/wp\/v2\/types\/product"}],"replies":[{"embeddable":true,"href":"https:\/\/melegbait.ba\/en\/wp-json\/wp\/v2\/comments?post=33450"}],"wp:featuredmedia":[{"embeddable":true,"href":"https:\/\/melegbait.ba\/en\/wp-json\/wp\/v2\/media\/33452"}],"wp:attachment":[{"href":"https:\/\/melegbait.ba\/en\/wp-json\/wp\/v2\/media?parent=33450"}],"wp:term":[{"taxonomy":"product_brand","embeddable":true,"href":"https:\/\/melegbait.ba\/en\/wp-json\/wp\/v2\/product_brand?post=33450"},{"taxonomy":"product_cat","embeddable":true,"href":"https:\/\/melegbait.ba\/en\/wp-json\/wp\/v2\/product_cat?post=33450"},{"taxonomy":"product_tag","embeddable":true,"href":"https:\/\/melegbait.ba\/en\/wp-json\/wp\/v2\/product_tag?post=33450"}],"curies":[{"name":"wp","href":"https:\/\/api.w.org\/{rel}","templated":true}]}}