{"id":33208,"date":"2023-01-26T15:22:19","date_gmt":"2023-01-26T14:22:19","guid":{"rendered":"https:\/\/melegbait.com\/?post_type=product&#038;p=33208"},"modified":"2026-03-28T18:15:33","modified_gmt":"2026-03-28T17:15:33","slug":"pop-ups-bs-mjesano-voce","status":"publish","type":"product","link":"https:\/\/melegbait.ba\/en\/product\/pop-ups-bs-mjesano-voce\/","title":{"rendered":"Pop Up&#8217;s &#8211; BS (Mje\u0161ano Vo\u0107e)"},"content":{"rendered":"<p data-start=\"0\" data-end=\"317\"><strong>Pop Up boile nisu obi\u010dne dipovane boile<\/strong> \u2014 one su pa\u017eljivo oboga\u0107ene vrhunskim atraktorima i izaziva\u010dima koji dodatno stimuli\u0161u ribu na hranjenje. Meleg Bait Pop Up plutaju\u0107e boile, <strong>dostupne u dimenzijama 10 mm i 14 mm<\/strong>, izra\u0111uju se od najkvalitetnijih komponenti koje omogu\u0107avaju njihovu prirodnu pokretljivost u vodi.<\/p>\n<p data-start=\"319\" data-end=\"601\">Iako ne spadaju u izrazito plutaju\u0107e mamce, njihova posebnost dolazi do izra\u017eaja pri i najmanjem pomeranju vode. Ve\u0107 sam prolazak \u0161arana ili blaga struja dovoljni su da se boila lagano podigne sa dna, a zatim prirodno vrati nazad, stvaraju\u0107i izuzetno privla\u010dnu i realisti\u010dnu \u201cigru\u201d.<\/p>\n<p data-start=\"603\" data-end=\"781\" data-is-last-node=\"\" data-is-only-node=\"\">Upravo ova suptilna, ali efikasna prezentacija mamca pokazala se kao najuspe\u0161nija tokom testiranja, zbog \u010dega su na\u0161e Pop Up boile i dizajnirane da ciljano pru\u017eaju ovakav efekat<\/p>\n<p data-start=\"603\" data-end=\"781\" data-is-last-node=\"\" data-is-only-node=\"\">Na\u0161i Pop Up mamci predstavljaju savr\u0161en izbor za \u0161aranski i feeder ribolov, pru\u017eaju\u0107i vrhunsku prezentaciju i maksimalnu privla\u010dnost u vodi. Dizajnirani su tako da odgovore zahtjevima modernog ribolova, <strong>bilo da ciljate krupnog \u0161arana ili lovite bijelu ribu feeder tehnikom.<\/strong><\/p>\n<p data-start=\"603\" data-end=\"781\" data-is-last-node=\"\" data-is-only-node=\"\"><strong>BS je<\/strong> sinteti\u010dka aroma sa blagim, slatkastim i parfemskim notama:<\/p>\n<ul>\n<li data-section-id=\"18ehgca\" data-start=\"353\" data-end=\"413\">ove\u0107ava <strong data-start=\"364\" data-end=\"379\">apetit ribe<\/strong> zahvaljuju\u0107i intenzivnom mirisu<\/li>\n<li data-section-id=\"1o3ntt1\" data-start=\"414\" data-end=\"492\">dobro funkcioni\u0161e u kombinaciji sa vo\u0107nim, slatkim ili proteinskim aromama<\/li>\n<li data-section-id=\"jet1rp\" data-start=\"493\" data-end=\"562\">pogotovo deluje na \u0161arana i amura, ali mo\u017ee privu\u0107i i bijelu ribu<\/li>\n<\/ul>","protected":false},"excerpt":{"rendered":"<p>Pop Up boile nisu obi\u010dne dipovane boile \u2014 one su pa\u017eljivo oboga\u0107ene vrhunskim atraktorima i izaziva\u010dima koji dodatno stimuli\u0161u ribu na hranjenje. Meleg Bait Pop Up plutaju\u0107e boile, dostupne u dimenzijama 10 mm i 14 mm, izra\u0111uju se od najkvalitetnijih komponenti koje omogu\u0107avaju njihovu prirodnu pokretljivost u vodi. Iako ne spadaju u izrazito plutaju\u0107e mamce, [&hellip;]<\/p>","protected":false},"featured_media":34523,"comment_status":"open","ping_status":"closed","template":"","meta":{"_et_pb_use_builder":"","_et_pb_old_content":"","_et_gb_content_width":""},"product_brand":[],"product_cat":[31,32,36],"product_tag":[],"class_list":{"0":"post-33208","1":"product","2":"type-product","3":"status-publish","4":"has-post-thumbnail","6":"product_cat-carp","7":"product_cat-boili","8":"product_cat-pop-up-boili","10":"first","11":"instock","12":"taxable","13":"shipping-taxable","14":"purchasable","15":"product-type-variable"},"yoast_head":"<!-- This site is optimized with the Yoast SEO plugin v26.7 - https:\/\/yoast.com\/wordpress\/plugins\/seo\/ -->\n<title>Pop Up&#039;s - BS (Mje\u0161ano Vo\u0107e) - Meleg bait BiH<\/title>\n<meta name=\"robots\" content=\"index, follow, max-snippet:-1, max-image-preview:large, max-video-preview:-1\" \/>\n<link rel=\"canonical\" href=\"https:\/\/melegbait.ba\/en\/product\/pop-ups-bs-mjesano-voce\/\" \/>\n<meta property=\"og:locale\" content=\"en_GB\" \/>\n<meta property=\"og:type\" content=\"article\" \/>\n<meta property=\"og:title\" content=\"Pop Up&#039;s - BS (Mje\u0161ano Vo\u0107e) - Meleg bait BiH\" \/>\n<meta property=\"og:description\" content=\"Pop Up boile nisu obi\u010dne dipovane boile \u2014 one su pa\u017eljivo oboga\u0107ene vrhunskim atraktorima i izaziva\u010dima koji dodatno stimuli\u0161u ribu na hranjenje. Meleg Bait Pop Up plutaju\u0107e boile, dostupne u dimenzijama 10 mm i 14 mm, izra\u0111uju se od najkvalitetnijih komponenti koje omogu\u0107avaju njihovu prirodnu pokretljivost u vodi. Iako ne spadaju u izrazito plutaju\u0107e mamce, [&hellip;]\" \/>\n<meta property=\"og:url\" content=\"https:\/\/melegbait.ba\/en\/product\/pop-ups-bs-mjesano-voce\/\" \/>\n<meta property=\"og:site_name\" content=\"Meleg bait BiH\" \/>\n<meta property=\"article:publisher\" content=\"https:\/\/www.facebook.com\/MelegBait\" \/>\n<meta property=\"article:modified_time\" content=\"2026-03-28T17:15:33+00:00\" \/>\n<meta property=\"og:image\" content=\"https:\/\/melegbait.ba\/wp-content\/uploads\/2025\/03\/20250427-183544.png\" \/>\n\t<meta property=\"og:image:width\" content=\"888\" \/>\n\t<meta property=\"og:image:height\" content=\"1184\" \/>\n\t<meta property=\"og:image:type\" content=\"image\/png\" \/>\n<meta name=\"twitter:card\" content=\"summary_large_image\" \/>\n<meta name=\"twitter:label1\" content=\"Estimated reading time\" \/>\n\t<meta name=\"twitter:data1\" content=\"2 minutes\" \/>\n<script type=\"application\/ld+json\" class=\"yoast-schema-graph\">{\"@context\":\"https:\/\/schema.org\",\"@graph\":[{\"@type\":\"WebPage\",\"@id\":\"https:\/\/melegbait.ba\/product\/pop-ups-bs-mjesano-voce\/\",\"url\":\"https:\/\/melegbait.ba\/product\/pop-ups-bs-mjesano-voce\/\",\"name\":\"Pop Up's - BS (Mje\u0161ano Vo\u0107e) - Meleg bait BiH\",\"isPartOf\":{\"@id\":\"https:\/\/melegbait.ba\/#website\"},\"primaryImageOfPage\":{\"@id\":\"https:\/\/melegbait.ba\/product\/pop-ups-bs-mjesano-voce\/#primaryimage\"},\"image\":{\"@id\":\"https:\/\/melegbait.ba\/product\/pop-ups-bs-mjesano-voce\/#primaryimage\"},\"thumbnailUrl\":\"https:\/\/melegbait.ba\/wp-content\/uploads\/2025\/03\/20250427-183544.png\",\"datePublished\":\"2023-01-26T14:22:19+00:00\",\"dateModified\":\"2026-03-28T17:15:33+00:00\",\"breadcrumb\":{\"@id\":\"https:\/\/melegbait.ba\/product\/pop-ups-bs-mjesano-voce\/#breadcrumb\"},\"inLanguage\":\"en-GB\",\"potentialAction\":[{\"@type\":\"ReadAction\",\"target\":[\"https:\/\/melegbait.ba\/product\/pop-ups-bs-mjesano-voce\/\"]}]},{\"@type\":\"ImageObject\",\"inLanguage\":\"en-GB\",\"@id\":\"https:\/\/melegbait.ba\/product\/pop-ups-bs-mjesano-voce\/#primaryimage\",\"url\":\"https:\/\/melegbait.ba\/wp-content\/uploads\/2025\/03\/20250427-183544.png\",\"contentUrl\":\"https:\/\/melegbait.ba\/wp-content\/uploads\/2025\/03\/20250427-183544.png\",\"width\":888,\"height\":1184},{\"@type\":\"BreadcrumbList\",\"@id\":\"https:\/\/melegbait.ba\/product\/pop-ups-bs-mjesano-voce\/#breadcrumb\",\"itemListElement\":[{\"@type\":\"ListItem\",\"position\":1,\"name\":\"Home\",\"item\":\"https:\/\/melegbait.ba\/\"},{\"@type\":\"ListItem\",\"position\":2,\"name\":\"Shop\",\"item\":\"https:\/\/melegbait.ba\/shop\/\"},{\"@type\":\"ListItem\",\"position\":3,\"name\":\"Pop Up&#8217;s &#8211; BS (Mje\u0161ano Vo\u0107e)\"}]},{\"@type\":\"WebSite\",\"@id\":\"https:\/\/melegbait.ba\/#website\",\"url\":\"https:\/\/melegbait.ba\/\",\"name\":\"Meleg bait\",\"description\":\"Prodaja Feeder i \u0160aranskh komponenti i mamaca\",\"publisher\":{\"@id\":\"https:\/\/melegbait.ba\/#organization\"},\"potentialAction\":[{\"@type\":\"SearchAction\",\"target\":{\"@type\":\"EntryPoint\",\"urlTemplate\":\"https:\/\/melegbait.ba\/?s={search_term_string}\"},\"query-input\":{\"@type\":\"PropertyValueSpecification\",\"valueRequired\":true,\"valueName\":\"search_term_string\"}}],\"inLanguage\":\"en-GB\"},{\"@type\":\"Organization\",\"@id\":\"https:\/\/melegbait.ba\/#organization\",\"name\":\"Meleg Baits\",\"url\":\"https:\/\/melegbait.ba\/\",\"logo\":{\"@type\":\"ImageObject\",\"inLanguage\":\"en-GB\",\"@id\":\"https:\/\/melegbait.ba\/#\/schema\/logo\/image\/\",\"url\":\"https:\/\/melegbait.ba\/wp-content\/uploads\/2021\/02\/mblogo.jpg\",\"contentUrl\":\"https:\/\/melegbait.ba\/wp-content\/uploads\/2021\/02\/mblogo.jpg\",\"width\":250,\"height\":250,\"caption\":\"Meleg Baits\"},\"image\":{\"@id\":\"https:\/\/melegbait.ba\/#\/schema\/logo\/image\/\"},\"sameAs\":[\"https:\/\/www.facebook.com\/MelegBait\"]}]}<\/script>\n<!-- \/ Yoast SEO plugin. -->","yoast_head_json":{"title":"Pop Up's - BS (Mje\u0161ano Vo\u0107e) - Meleg bait BiH","robots":{"index":"index","follow":"follow","max-snippet":"max-snippet:-1","max-image-preview":"max-image-preview:large","max-video-preview":"max-video-preview:-1"},"canonical":"https:\/\/melegbait.ba\/en\/product\/pop-ups-bs-mjesano-voce\/","og_locale":"en_GB","og_type":"article","og_title":"Pop Up's - BS (Mje\u0161ano Vo\u0107e) - Meleg bait BiH","og_description":"Pop Up boile nisu obi\u010dne dipovane boile \u2014 one su pa\u017eljivo oboga\u0107ene vrhunskim atraktorima i izaziva\u010dima koji dodatno stimuli\u0161u ribu na hranjenje. Meleg Bait Pop Up plutaju\u0107e boile, dostupne u dimenzijama 10 mm i 14 mm, izra\u0111uju se od najkvalitetnijih komponenti koje omogu\u0107avaju njihovu prirodnu pokretljivost u vodi. Iako ne spadaju u izrazito plutaju\u0107e mamce, [&hellip;]","og_url":"https:\/\/melegbait.ba\/en\/product\/pop-ups-bs-mjesano-voce\/","og_site_name":"Meleg bait BiH","article_publisher":"https:\/\/www.facebook.com\/MelegBait","article_modified_time":"2026-03-28T17:15:33+00:00","og_image":[{"width":888,"height":1184,"url":"https:\/\/melegbait.ba\/wp-content\/uploads\/2025\/03\/20250427-183544.png","type":"image\/png"}],"twitter_card":"summary_large_image","twitter_misc":{"Estimated reading time":"2 minutes"},"schema":{"@context":"https:\/\/schema.org","@graph":[{"@type":"WebPage","@id":"https:\/\/melegbait.ba\/product\/pop-ups-bs-mjesano-voce\/","url":"https:\/\/melegbait.ba\/product\/pop-ups-bs-mjesano-voce\/","name":"Pop Up's - BS (Mje\u0161ano Vo\u0107e) - Meleg bait BiH","isPartOf":{"@id":"https:\/\/melegbait.ba\/#website"},"primaryImageOfPage":{"@id":"https:\/\/melegbait.ba\/product\/pop-ups-bs-mjesano-voce\/#primaryimage"},"image":{"@id":"https:\/\/melegbait.ba\/product\/pop-ups-bs-mjesano-voce\/#primaryimage"},"thumbnailUrl":"https:\/\/melegbait.ba\/wp-content\/uploads\/2025\/03\/20250427-183544.png","datePublished":"2023-01-26T14:22:19+00:00","dateModified":"2026-03-28T17:15:33+00:00","breadcrumb":{"@id":"https:\/\/melegbait.ba\/product\/pop-ups-bs-mjesano-voce\/#breadcrumb"},"inLanguage":"en-GB","potentialAction":[{"@type":"ReadAction","target":["https:\/\/melegbait.ba\/product\/pop-ups-bs-mjesano-voce\/"]}]},{"@type":"ImageObject","inLanguage":"en-GB","@id":"https:\/\/melegbait.ba\/product\/pop-ups-bs-mjesano-voce\/#primaryimage","url":"https:\/\/melegbait.ba\/wp-content\/uploads\/2025\/03\/20250427-183544.png","contentUrl":"https:\/\/melegbait.ba\/wp-content\/uploads\/2025\/03\/20250427-183544.png","width":888,"height":1184},{"@type":"BreadcrumbList","@id":"https:\/\/melegbait.ba\/product\/pop-ups-bs-mjesano-voce\/#breadcrumb","itemListElement":[{"@type":"ListItem","position":1,"name":"Home","item":"https:\/\/melegbait.ba\/"},{"@type":"ListItem","position":2,"name":"Shop","item":"https:\/\/melegbait.ba\/shop\/"},{"@type":"ListItem","position":3,"name":"Pop Up&#8217;s &#8211; BS (Mje\u0161ano Vo\u0107e)"}]},{"@type":"WebSite","@id":"https:\/\/melegbait.ba\/#website","url":"https:\/\/melegbait.ba\/","name":"Meleg bait","description":"Prodaja Feeder i \u0160aranskh komponenti i mamaca","publisher":{"@id":"https:\/\/melegbait.ba\/#organization"},"potentialAction":[{"@type":"SearchAction","target":{"@type":"EntryPoint","urlTemplate":"https:\/\/melegbait.ba\/?s={search_term_string}"},"query-input":{"@type":"PropertyValueSpecification","valueRequired":true,"valueName":"search_term_string"}}],"inLanguage":"en-GB"},{"@type":"Organization","@id":"https:\/\/melegbait.ba\/#organization","name":"Meleg Baits","url":"https:\/\/melegbait.ba\/","logo":{"@type":"ImageObject","inLanguage":"en-GB","@id":"https:\/\/melegbait.ba\/#\/schema\/logo\/image\/","url":"https:\/\/melegbait.ba\/wp-content\/uploads\/2021\/02\/mblogo.jpg","contentUrl":"https:\/\/melegbait.ba\/wp-content\/uploads\/2021\/02\/mblogo.jpg","width":250,"height":250,"caption":"Meleg Baits"},"image":{"@id":"https:\/\/melegbait.ba\/#\/schema\/logo\/image\/"},"sameAs":["https:\/\/www.facebook.com\/MelegBait"]}]}},"_links":{"self":[{"href":"https:\/\/melegbait.ba\/en\/wp-json\/wp\/v2\/product\/33208","targetHints":{"allow":["GET"]}}],"collection":[{"href":"https:\/\/melegbait.ba\/en\/wp-json\/wp\/v2\/product"}],"about":[{"href":"https:\/\/melegbait.ba\/en\/wp-json\/wp\/v2\/types\/product"}],"replies":[{"embeddable":true,"href":"https:\/\/melegbait.ba\/en\/wp-json\/wp\/v2\/comments?post=33208"}],"wp:featuredmedia":[{"embeddable":true,"href":"https:\/\/melegbait.ba\/en\/wp-json\/wp\/v2\/media\/34523"}],"wp:attachment":[{"href":"https:\/\/melegbait.ba\/en\/wp-json\/wp\/v2\/media?parent=33208"}],"wp:term":[{"taxonomy":"product_brand","embeddable":true,"href":"https:\/\/melegbait.ba\/en\/wp-json\/wp\/v2\/product_brand?post=33208"},{"taxonomy":"product_cat","embeddable":true,"href":"https:\/\/melegbait.ba\/en\/wp-json\/wp\/v2\/product_cat?post=33208"},{"taxonomy":"product_tag","embeddable":true,"href":"https:\/\/melegbait.ba\/en\/wp-json\/wp\/v2\/product_tag?post=33208"}],"curies":[{"name":"wp","href":"https:\/\/api.w.org\/{rel}","templated":true}]}}