{"id":33180,"date":"2023-01-09T01:49:15","date_gmt":"2023-01-09T00:49:15","guid":{"rendered":"https:\/\/melegbait.com\/?post_type=product&#038;p=33180"},"modified":"2025-04-24T08:14:43","modified_gmt":"2025-04-24T07:14:43","slug":"high-energy-feeder-bream-3kg","status":"publish","type":"product","link":"https:\/\/melegbait.ba\/en\/product\/high-energy-feeder-bream-3kg\/","title":{"rendered":"Extreme Groundbait Feeder: Bream 3kg"},"content":{"rendered":"<p><strong>Bream extreme groundbait je praskasta takmi\u010darska hrana za primamu Deverike za feeder ribolov i pecanje na plovak na rijekama i jezerima.<\/strong><\/p>\n<p>Napravljena od najkvalitetnijih biskvita i aroma nalazi se u samom vrhu pra\u0161kastih hrana za Deveriku. Ova hrana ve\u0107 dugi niz godina omogu\u0107ila je na\u0161im takmi\u010darima u BiH Zlatanu Sitarevi\u0107u, Mikiju Mandi\u0107u i Mirzi D\u017eini\u010du da posti\u017eu vrhunske rezultate. U Srbiji na\u0161 najpoznatiji takmi\u010dar Nenad Stani\u0161i\u0107 Shone iza sebe osvoji preko 20 takmi\u010denja na godi\u0161njem nivou, a dva puta za redom je osvojio Zlatnu Hranilicu na najmasovnijem takmi\u010denju sa oko 200 takmi\u010dara Pista \u017diva Vajnska i jednom tre\u0107e mjesto. Magija se poti\u017eu kada se koristi u kombinaciji sa Match Attractor i Trigger Activator preljeva\u010dima.<strong> Pakovanje u kanti te\u017eine 3kg.<\/strong><\/p>\n<p><strong>Preporuka kombinacija:<\/strong><\/p>\n<ol>\n<li>Trigger activator &#8211; T1<\/li>\n<li>Trigger Activator &#8211; J1<\/li>\n<li>Trigger Activator &#8211; Baka<\/li>\n<li>Match Attractor &#8211; Tutti Frutti<\/li>\n<li>Match Attractor &#8211; Strawberry Lotus<\/li>\n<li>Match Attractor &#8211; Strawberry Jam<\/li>\n<li>Match Attractor &#8211; Heaven Fruit<\/li>\n<li>Match Attractor &#8211; Peach Melba<\/li>\n<\/ol>","protected":false},"excerpt":{"rendered":"<p>Bream extreme groundbait je praskasta takmi\u010darska hrana za primamu Deverike za feeder ribolov i pecanje na plovak na rijekama i jezerima. Napravljena od najkvalitetnijih biskvita i aroma nalazi se u samom vrhu pra\u0161kastih hrana za Deveriku. Ova hrana ve\u0107 dugi niz godina omogu\u0107ila je na\u0161im takmi\u010darima u BiH Zlatanu Sitarevi\u0107u, Mikiju Mandi\u0107u i Mirzi D\u017eini\u010du [&hellip;]<\/p>","protected":false},"featured_media":34492,"comment_status":"open","ping_status":"closed","template":"","meta":{"_et_pb_use_builder":"","_et_pb_old_content":"","_et_gb_content_width":""},"product_brand":[],"product_cat":[46,47,52],"product_tag":[],"class_list":{"0":"post-33180","1":"product","2":"type-product","3":"status-publish","4":"has-post-thumbnail","6":"product_cat-ground-bait","7":"product_cat-feeder-i-match","8":"product_cat-ground-bait-feeder-i-match","10":"first","11":"instock","12":"taxable","13":"shipping-taxable","14":"purchasable","15":"product-type-simple"},"yoast_head":"<!-- This site is optimized with the Yoast SEO plugin v26.7 - https:\/\/yoast.com\/wordpress\/plugins\/seo\/ -->\n<title>Extreme Groundbait Feeder: Bream 3kg - Meleg bait BiH<\/title>\n<meta name=\"robots\" content=\"index, follow, max-snippet:-1, max-image-preview:large, max-video-preview:-1\" \/>\n<link rel=\"canonical\" href=\"https:\/\/melegbait.ba\/en\/product\/high-energy-feeder-bream-3kg\/\" \/>\n<meta property=\"og:locale\" content=\"en_GB\" \/>\n<meta property=\"og:type\" content=\"article\" \/>\n<meta property=\"og:title\" content=\"Extreme Groundbait Feeder: Bream 3kg - Meleg bait BiH\" \/>\n<meta property=\"og:description\" content=\"Bream extreme groundbait je praskasta takmi\u010darska hrana za primamu Deverike za feeder ribolov i pecanje na plovak na rijekama i jezerima. Napravljena od najkvalitetnijih biskvita i aroma nalazi se u samom vrhu pra\u0161kastih hrana za Deveriku. Ova hrana ve\u0107 dugi niz godina omogu\u0107ila je na\u0161im takmi\u010darima u BiH Zlatanu Sitarevi\u0107u, Mikiju Mandi\u0107u i Mirzi D\u017eini\u010du [&hellip;]\" \/>\n<meta property=\"og:url\" content=\"https:\/\/melegbait.ba\/en\/product\/high-energy-feeder-bream-3kg\/\" \/>\n<meta property=\"og:site_name\" content=\"Meleg bait BiH\" \/>\n<meta property=\"article:publisher\" content=\"https:\/\/www.facebook.com\/MelegBait\" \/>\n<meta property=\"article:modified_time\" content=\"2025-04-24T07:14:43+00:00\" \/>\n<meta property=\"og:image\" content=\"https:\/\/melegbait.ba\/wp-content\/uploads\/2023\/01\/20250423-115553-1.png\" \/>\n\t<meta property=\"og:image:width\" content=\"1500\" \/>\n\t<meta property=\"og:image:height\" content=\"2000\" \/>\n\t<meta property=\"og:image:type\" content=\"image\/png\" \/>\n<meta name=\"twitter:card\" content=\"summary_large_image\" \/>\n<meta name=\"twitter:label1\" content=\"Estimated reading time\" \/>\n\t<meta name=\"twitter:data1\" content=\"2 minutes\" \/>\n<script type=\"application\/ld+json\" class=\"yoast-schema-graph\">{\"@context\":\"https:\/\/schema.org\",\"@graph\":[{\"@type\":\"WebPage\",\"@id\":\"https:\/\/melegbait.ba\/product\/high-energy-feeder-bream-3kg\/\",\"url\":\"https:\/\/melegbait.ba\/product\/high-energy-feeder-bream-3kg\/\",\"name\":\"Extreme Groundbait Feeder: Bream 3kg - Meleg bait BiH\",\"isPartOf\":{\"@id\":\"https:\/\/melegbait.ba\/#website\"},\"primaryImageOfPage\":{\"@id\":\"https:\/\/melegbait.ba\/product\/high-energy-feeder-bream-3kg\/#primaryimage\"},\"image\":{\"@id\":\"https:\/\/melegbait.ba\/product\/high-energy-feeder-bream-3kg\/#primaryimage\"},\"thumbnailUrl\":\"https:\/\/melegbait.ba\/wp-content\/uploads\/2023\/01\/20250423-115553-1.png\",\"datePublished\":\"2023-01-09T00:49:15+00:00\",\"dateModified\":\"2025-04-24T07:14:43+00:00\",\"breadcrumb\":{\"@id\":\"https:\/\/melegbait.ba\/product\/high-energy-feeder-bream-3kg\/#breadcrumb\"},\"inLanguage\":\"en-GB\",\"potentialAction\":[{\"@type\":\"ReadAction\",\"target\":[\"https:\/\/melegbait.ba\/product\/high-energy-feeder-bream-3kg\/\"]}]},{\"@type\":\"ImageObject\",\"inLanguage\":\"en-GB\",\"@id\":\"https:\/\/melegbait.ba\/product\/high-energy-feeder-bream-3kg\/#primaryimage\",\"url\":\"https:\/\/melegbait.ba\/wp-content\/uploads\/2023\/01\/20250423-115553-1.png\",\"contentUrl\":\"https:\/\/melegbait.ba\/wp-content\/uploads\/2023\/01\/20250423-115553-1.png\",\"width\":1500,\"height\":2000},{\"@type\":\"BreadcrumbList\",\"@id\":\"https:\/\/melegbait.ba\/product\/high-energy-feeder-bream-3kg\/#breadcrumb\",\"itemListElement\":[{\"@type\":\"ListItem\",\"position\":1,\"name\":\"Home\",\"item\":\"https:\/\/melegbait.ba\/\"},{\"@type\":\"ListItem\",\"position\":2,\"name\":\"Shop\",\"item\":\"https:\/\/melegbait.ba\/shop\/\"},{\"@type\":\"ListItem\",\"position\":3,\"name\":\"Extreme Groundbait Feeder: Bream 3kg\"}]},{\"@type\":\"WebSite\",\"@id\":\"https:\/\/melegbait.ba\/#website\",\"url\":\"https:\/\/melegbait.ba\/\",\"name\":\"Meleg bait\",\"description\":\"Prodaja Feeder i \u0160aranskh komponenti i mamaca\",\"publisher\":{\"@id\":\"https:\/\/melegbait.ba\/#organization\"},\"potentialAction\":[{\"@type\":\"SearchAction\",\"target\":{\"@type\":\"EntryPoint\",\"urlTemplate\":\"https:\/\/melegbait.ba\/?s={search_term_string}\"},\"query-input\":{\"@type\":\"PropertyValueSpecification\",\"valueRequired\":true,\"valueName\":\"search_term_string\"}}],\"inLanguage\":\"en-GB\"},{\"@type\":\"Organization\",\"@id\":\"https:\/\/melegbait.ba\/#organization\",\"name\":\"Meleg Baits\",\"url\":\"https:\/\/melegbait.ba\/\",\"logo\":{\"@type\":\"ImageObject\",\"inLanguage\":\"en-GB\",\"@id\":\"https:\/\/melegbait.ba\/#\/schema\/logo\/image\/\",\"url\":\"https:\/\/melegbait.ba\/wp-content\/uploads\/2021\/02\/mblogo.jpg\",\"contentUrl\":\"https:\/\/melegbait.ba\/wp-content\/uploads\/2021\/02\/mblogo.jpg\",\"width\":250,\"height\":250,\"caption\":\"Meleg Baits\"},\"image\":{\"@id\":\"https:\/\/melegbait.ba\/#\/schema\/logo\/image\/\"},\"sameAs\":[\"https:\/\/www.facebook.com\/MelegBait\"]}]}<\/script>\n<!-- \/ Yoast SEO plugin. -->","yoast_head_json":{"title":"Extreme Groundbait Feeder: Bream 3kg - Meleg bait BiH","robots":{"index":"index","follow":"follow","max-snippet":"max-snippet:-1","max-image-preview":"max-image-preview:large","max-video-preview":"max-video-preview:-1"},"canonical":"https:\/\/melegbait.ba\/en\/product\/high-energy-feeder-bream-3kg\/","og_locale":"en_GB","og_type":"article","og_title":"Extreme Groundbait Feeder: Bream 3kg - Meleg bait BiH","og_description":"Bream extreme groundbait je praskasta takmi\u010darska hrana za primamu Deverike za feeder ribolov i pecanje na plovak na rijekama i jezerima. Napravljena od najkvalitetnijih biskvita i aroma nalazi se u samom vrhu pra\u0161kastih hrana za Deveriku. Ova hrana ve\u0107 dugi niz godina omogu\u0107ila je na\u0161im takmi\u010darima u BiH Zlatanu Sitarevi\u0107u, Mikiju Mandi\u0107u i Mirzi D\u017eini\u010du [&hellip;]","og_url":"https:\/\/melegbait.ba\/en\/product\/high-energy-feeder-bream-3kg\/","og_site_name":"Meleg bait BiH","article_publisher":"https:\/\/www.facebook.com\/MelegBait","article_modified_time":"2025-04-24T07:14:43+00:00","og_image":[{"width":1500,"height":2000,"url":"https:\/\/melegbait.ba\/wp-content\/uploads\/2023\/01\/20250423-115553-1.png","type":"image\/png"}],"twitter_card":"summary_large_image","twitter_misc":{"Estimated reading time":"2 minutes"},"schema":{"@context":"https:\/\/schema.org","@graph":[{"@type":"WebPage","@id":"https:\/\/melegbait.ba\/product\/high-energy-feeder-bream-3kg\/","url":"https:\/\/melegbait.ba\/product\/high-energy-feeder-bream-3kg\/","name":"Extreme Groundbait Feeder: Bream 3kg - Meleg bait BiH","isPartOf":{"@id":"https:\/\/melegbait.ba\/#website"},"primaryImageOfPage":{"@id":"https:\/\/melegbait.ba\/product\/high-energy-feeder-bream-3kg\/#primaryimage"},"image":{"@id":"https:\/\/melegbait.ba\/product\/high-energy-feeder-bream-3kg\/#primaryimage"},"thumbnailUrl":"https:\/\/melegbait.ba\/wp-content\/uploads\/2023\/01\/20250423-115553-1.png","datePublished":"2023-01-09T00:49:15+00:00","dateModified":"2025-04-24T07:14:43+00:00","breadcrumb":{"@id":"https:\/\/melegbait.ba\/product\/high-energy-feeder-bream-3kg\/#breadcrumb"},"inLanguage":"en-GB","potentialAction":[{"@type":"ReadAction","target":["https:\/\/melegbait.ba\/product\/high-energy-feeder-bream-3kg\/"]}]},{"@type":"ImageObject","inLanguage":"en-GB","@id":"https:\/\/melegbait.ba\/product\/high-energy-feeder-bream-3kg\/#primaryimage","url":"https:\/\/melegbait.ba\/wp-content\/uploads\/2023\/01\/20250423-115553-1.png","contentUrl":"https:\/\/melegbait.ba\/wp-content\/uploads\/2023\/01\/20250423-115553-1.png","width":1500,"height":2000},{"@type":"BreadcrumbList","@id":"https:\/\/melegbait.ba\/product\/high-energy-feeder-bream-3kg\/#breadcrumb","itemListElement":[{"@type":"ListItem","position":1,"name":"Home","item":"https:\/\/melegbait.ba\/"},{"@type":"ListItem","position":2,"name":"Shop","item":"https:\/\/melegbait.ba\/shop\/"},{"@type":"ListItem","position":3,"name":"Extreme Groundbait Feeder: Bream 3kg"}]},{"@type":"WebSite","@id":"https:\/\/melegbait.ba\/#website","url":"https:\/\/melegbait.ba\/","name":"Meleg bait","description":"Prodaja Feeder i \u0160aranskh komponenti i mamaca","publisher":{"@id":"https:\/\/melegbait.ba\/#organization"},"potentialAction":[{"@type":"SearchAction","target":{"@type":"EntryPoint","urlTemplate":"https:\/\/melegbait.ba\/?s={search_term_string}"},"query-input":{"@type":"PropertyValueSpecification","valueRequired":true,"valueName":"search_term_string"}}],"inLanguage":"en-GB"},{"@type":"Organization","@id":"https:\/\/melegbait.ba\/#organization","name":"Meleg Baits","url":"https:\/\/melegbait.ba\/","logo":{"@type":"ImageObject","inLanguage":"en-GB","@id":"https:\/\/melegbait.ba\/#\/schema\/logo\/image\/","url":"https:\/\/melegbait.ba\/wp-content\/uploads\/2021\/02\/mblogo.jpg","contentUrl":"https:\/\/melegbait.ba\/wp-content\/uploads\/2021\/02\/mblogo.jpg","width":250,"height":250,"caption":"Meleg Baits"},"image":{"@id":"https:\/\/melegbait.ba\/#\/schema\/logo\/image\/"},"sameAs":["https:\/\/www.facebook.com\/MelegBait"]}]}},"_links":{"self":[{"href":"https:\/\/melegbait.ba\/en\/wp-json\/wp\/v2\/product\/33180","targetHints":{"allow":["GET"]}}],"collection":[{"href":"https:\/\/melegbait.ba\/en\/wp-json\/wp\/v2\/product"}],"about":[{"href":"https:\/\/melegbait.ba\/en\/wp-json\/wp\/v2\/types\/product"}],"replies":[{"embeddable":true,"href":"https:\/\/melegbait.ba\/en\/wp-json\/wp\/v2\/comments?post=33180"}],"wp:featuredmedia":[{"embeddable":true,"href":"https:\/\/melegbait.ba\/en\/wp-json\/wp\/v2\/media\/34492"}],"wp:attachment":[{"href":"https:\/\/melegbait.ba\/en\/wp-json\/wp\/v2\/media?parent=33180"}],"wp:term":[{"taxonomy":"product_brand","embeddable":true,"href":"https:\/\/melegbait.ba\/en\/wp-json\/wp\/v2\/product_brand?post=33180"},{"taxonomy":"product_cat","embeddable":true,"href":"https:\/\/melegbait.ba\/en\/wp-json\/wp\/v2\/product_cat?post=33180"},{"taxonomy":"product_tag","embeddable":true,"href":"https:\/\/melegbait.ba\/en\/wp-json\/wp\/v2\/product_tag?post=33180"}],"curies":[{"name":"wp","href":"https:\/\/api.w.org\/{rel}","templated":true}]}}