{"id":32231,"date":"2021-02-24T20:58:54","date_gmt":"2021-02-24T19:58:54","guid":{"rendered":"https:\/\/melegbait.com\/?post_type=product&#038;p=32231"},"modified":"2026-03-29T12:50:08","modified_gmt":"2026-03-29T11:50:08","slug":"ac-amino-attract-sprey-dip-pineapple-ananas","status":"publish","type":"product","link":"https:\/\/melegbait.ba\/en\/product\/ac-amino-attract-sprey-dip-pineapple-ananas\/","title":{"rendered":"AC AMINO ATTRACT SPREY DIP &#8211; Pineapple (Ananas)"},"content":{"rendered":"<p data-start=\"64\" data-end=\"115\"><strong data-start=\"64\" data-end=\"113\">Meleg Bait AC AMINO ATTRACT Sprey Dip (50 ml)<\/strong><\/p>\n<p data-start=\"117\" data-end=\"417\">Podignite svoju ribolovnu igru na vi\u0161i nivo uz vrhunski AC Amino Attract sprej dip! Napravljen od potpuno prirodnih i pa\u017eljivo odabranih sastojaka, ovaj mo\u0107ni atraktor kombinuje visokokvalitetne arome, zasla\u0111iva\u010de, amino kiseline i prirodne enhancere koji trenutno pove\u0107avaju privla\u010dnost va\u0161eg mamca.<\/p>\n<p data-start=\"419\" data-end=\"557\">Zahvaljuju\u0107i brzoj i jednostavnoj primjeni, dovoljno je nekoliko prskanja da va\u0161 mamac postane neodoljiv i da riba reaguje br\u017ee nego ikad.<\/p>\n<p data-start=\"559\" data-end=\"596\"><strong data-start=\"559\" data-end=\"596\">Za\u0161to koristiti AC Amino Attract?<\/strong><\/p>\n<ul data-start=\"597\" data-end=\"765\">\n<li data-section-id=\"zngd51\" data-start=\"597\" data-end=\"639\">Intenzivno poja\u010dava miris i ukus mamca<\/li>\n<li data-section-id=\"1y5bkut\" data-start=\"640\" data-end=\"683\">Ubrzava dolazak ribe na hranjeno mjesto<\/li>\n<li data-section-id=\"biwd36\" data-start=\"684\" data-end=\"714\">Ne o\u0161te\u0107uje PVA materijale<\/li>\n<li data-section-id=\"1hfnjo\" data-start=\"715\" data-end=\"765\">Pogodan za sve vrste mamaca i tehnika ribolova<\/li>\n<\/ul>\n<p data-start=\"767\" data-end=\"780\"><strong data-start=\"767\" data-end=\"780\">Primjena:<\/strong><\/p>\n<ul data-start=\"781\" data-end=\"1001\">\n<li data-section-id=\"1rv6ig7\" data-start=\"781\" data-end=\"862\">Prskanjem po smjesi u feeder i method hranilicama pove\u0107ava atraktivnost hrane<\/li>\n<li data-section-id=\"1m0xel6\" data-start=\"863\" data-end=\"921\">Idealan za PVA vre\u0107ice \u2013 ne uti\u010de na njihovo topljenje<\/li>\n<li data-section-id=\"1cf7rsw\" data-start=\"922\" data-end=\"964\">Savr\u0161en za boile, pop-up i wafer mamce<\/li>\n<li data-section-id=\"1tujo20\" data-start=\"965\" data-end=\"1001\">Odli\u010dan i za \u017eive mamce na udici<\/li>\n<\/ul>\n<p data-start=\"1003\" data-end=\"1025\"><strong data-start=\"1003\" data-end=\"1017\">Pakovanje:<\/strong> 50 ml<\/p>","protected":false},"excerpt":{"rendered":"<p>Meleg Bait AC AMINO ATTRACT Sprey Dip (50 ml) Podignite svoju ribolovnu igru na vi\u0161i nivo uz vrhunski AC Amino Attract sprej dip! Napravljen od potpuno prirodnih i pa\u017eljivo odabranih sastojaka, ovaj mo\u0107ni atraktor kombinuje visokokvalitetne arome, zasla\u0111iva\u010de, amino kiseline i prirodne enhancere koji trenutno pove\u0107avaju privla\u010dnost va\u0161eg mamca. Zahvaljuju\u0107i brzoj i jednostavnoj primjeni, dovoljno [&hellip;]<\/p>","protected":false},"featured_media":34765,"comment_status":"open","ping_status":"closed","template":"","meta":{"_et_pb_use_builder":"","_et_pb_old_content":"","_et_gb_content_width":""},"product_brand":[],"product_cat":[31,45,70,41,68],"product_tag":[],"class_list":{"0":"post-32231","1":"product","2":"type-product","3":"status-publish","4":"has-post-thumbnail","6":"product_cat-carp","7":"product_cat-dipovi","8":"product_cat-ac-amino","9":"product_cat-tecni-aditivi-amino-kiseline","10":"product_cat-amino","12":"first","13":"instock","14":"taxable","15":"shipping-taxable","16":"purchasable","17":"product-type-simple"},"yoast_head":"<!-- This site is optimized with the Yoast SEO plugin v26.7 - https:\/\/yoast.com\/wordpress\/plugins\/seo\/ -->\n<title>AC AMINO ATTRACT SPREY DIP - Pineapple (Ananas) - Meleg bait BiH<\/title>\n<meta name=\"robots\" content=\"index, follow, max-snippet:-1, max-image-preview:large, max-video-preview:-1\" \/>\n<link rel=\"canonical\" href=\"https:\/\/melegbait.ba\/en\/product\/ac-amino-attract-sprey-dip-pineapple-ananas\/\" \/>\n<meta property=\"og:locale\" content=\"en_GB\" \/>\n<meta property=\"og:type\" content=\"article\" \/>\n<meta property=\"og:title\" content=\"AC AMINO ATTRACT SPREY DIP - Pineapple (Ananas) - Meleg bait BiH\" \/>\n<meta property=\"og:description\" content=\"Meleg Bait AC AMINO ATTRACT Sprey Dip (50 ml) Podignite svoju ribolovnu igru na vi\u0161i nivo uz vrhunski AC Amino Attract sprej dip! Napravljen od potpuno prirodnih i pa\u017eljivo odabranih sastojaka, ovaj mo\u0107ni atraktor kombinuje visokokvalitetne arome, zasla\u0111iva\u010de, amino kiseline i prirodne enhancere koji trenutno pove\u0107avaju privla\u010dnost va\u0161eg mamca. Zahvaljuju\u0107i brzoj i jednostavnoj primjeni, dovoljno [&hellip;]\" \/>\n<meta property=\"og:url\" content=\"https:\/\/melegbait.ba\/en\/product\/ac-amino-attract-sprey-dip-pineapple-ananas\/\" \/>\n<meta property=\"og:site_name\" content=\"Meleg bait BiH\" \/>\n<meta property=\"article:publisher\" content=\"https:\/\/www.facebook.com\/MelegBait\" \/>\n<meta property=\"article:modified_time\" content=\"2026-03-29T11:50:08+00:00\" \/>\n<meta property=\"og:image\" content=\"https:\/\/melegbait.ba\/wp-content\/uploads\/2025\/08\/IMG-6628-1.jpeg\" \/>\n\t<meta property=\"og:image:width\" content=\"1800\" \/>\n\t<meta property=\"og:image:height\" content=\"2400\" \/>\n\t<meta property=\"og:image:type\" content=\"image\/jpeg\" \/>\n<meta name=\"twitter:card\" content=\"summary_large_image\" \/>\n<meta name=\"twitter:label1\" content=\"Estimated reading time\" \/>\n\t<meta name=\"twitter:data1\" content=\"1 minute\" \/>\n<script type=\"application\/ld+json\" class=\"yoast-schema-graph\">{\"@context\":\"https:\/\/schema.org\",\"@graph\":[{\"@type\":\"WebPage\",\"@id\":\"https:\/\/melegbait.ba\/product\/ac-amino-attract-sprey-dip-pineapple-ananas\/\",\"url\":\"https:\/\/melegbait.ba\/product\/ac-amino-attract-sprey-dip-pineapple-ananas\/\",\"name\":\"AC AMINO ATTRACT SPREY DIP - Pineapple (Ananas) - Meleg bait BiH\",\"isPartOf\":{\"@id\":\"https:\/\/melegbait.ba\/#website\"},\"primaryImageOfPage\":{\"@id\":\"https:\/\/melegbait.ba\/product\/ac-amino-attract-sprey-dip-pineapple-ananas\/#primaryimage\"},\"image\":{\"@id\":\"https:\/\/melegbait.ba\/product\/ac-amino-attract-sprey-dip-pineapple-ananas\/#primaryimage\"},\"thumbnailUrl\":\"https:\/\/melegbait.ba\/wp-content\/uploads\/2025\/08\/IMG-6628-1.jpeg\",\"datePublished\":\"2021-02-24T19:58:54+00:00\",\"dateModified\":\"2026-03-29T11:50:08+00:00\",\"breadcrumb\":{\"@id\":\"https:\/\/melegbait.ba\/product\/ac-amino-attract-sprey-dip-pineapple-ananas\/#breadcrumb\"},\"inLanguage\":\"en-GB\",\"potentialAction\":[{\"@type\":\"ReadAction\",\"target\":[\"https:\/\/melegbait.ba\/product\/ac-amino-attract-sprey-dip-pineapple-ananas\/\"]}]},{\"@type\":\"ImageObject\",\"inLanguage\":\"en-GB\",\"@id\":\"https:\/\/melegbait.ba\/product\/ac-amino-attract-sprey-dip-pineapple-ananas\/#primaryimage\",\"url\":\"https:\/\/melegbait.ba\/wp-content\/uploads\/2025\/08\/IMG-6628-1.jpeg\",\"contentUrl\":\"https:\/\/melegbait.ba\/wp-content\/uploads\/2025\/08\/IMG-6628-1.jpeg\",\"width\":1800,\"height\":2400},{\"@type\":\"BreadcrumbList\",\"@id\":\"https:\/\/melegbait.ba\/product\/ac-amino-attract-sprey-dip-pineapple-ananas\/#breadcrumb\",\"itemListElement\":[{\"@type\":\"ListItem\",\"position\":1,\"name\":\"Home\",\"item\":\"https:\/\/melegbait.ba\/\"},{\"@type\":\"ListItem\",\"position\":2,\"name\":\"Shop\",\"item\":\"https:\/\/melegbait.ba\/shop\/\"},{\"@type\":\"ListItem\",\"position\":3,\"name\":\"AC AMINO ATTRACT SPREY DIP &#8211; Pineapple (Ananas)\"}]},{\"@type\":\"WebSite\",\"@id\":\"https:\/\/melegbait.ba\/#website\",\"url\":\"https:\/\/melegbait.ba\/\",\"name\":\"Meleg bait\",\"description\":\"Prodaja Feeder i \u0160aranskh komponenti i mamaca\",\"publisher\":{\"@id\":\"https:\/\/melegbait.ba\/#organization\"},\"potentialAction\":[{\"@type\":\"SearchAction\",\"target\":{\"@type\":\"EntryPoint\",\"urlTemplate\":\"https:\/\/melegbait.ba\/?s={search_term_string}\"},\"query-input\":{\"@type\":\"PropertyValueSpecification\",\"valueRequired\":true,\"valueName\":\"search_term_string\"}}],\"inLanguage\":\"en-GB\"},{\"@type\":\"Organization\",\"@id\":\"https:\/\/melegbait.ba\/#organization\",\"name\":\"Meleg Baits\",\"url\":\"https:\/\/melegbait.ba\/\",\"logo\":{\"@type\":\"ImageObject\",\"inLanguage\":\"en-GB\",\"@id\":\"https:\/\/melegbait.ba\/#\/schema\/logo\/image\/\",\"url\":\"https:\/\/melegbait.ba\/wp-content\/uploads\/2021\/02\/mblogo.jpg\",\"contentUrl\":\"https:\/\/melegbait.ba\/wp-content\/uploads\/2021\/02\/mblogo.jpg\",\"width\":250,\"height\":250,\"caption\":\"Meleg Baits\"},\"image\":{\"@id\":\"https:\/\/melegbait.ba\/#\/schema\/logo\/image\/\"},\"sameAs\":[\"https:\/\/www.facebook.com\/MelegBait\"]}]}<\/script>\n<!-- \/ Yoast SEO plugin. -->","yoast_head_json":{"title":"AC AMINO ATTRACT SPREY DIP - Pineapple (Ananas) - Meleg bait BiH","robots":{"index":"index","follow":"follow","max-snippet":"max-snippet:-1","max-image-preview":"max-image-preview:large","max-video-preview":"max-video-preview:-1"},"canonical":"https:\/\/melegbait.ba\/en\/product\/ac-amino-attract-sprey-dip-pineapple-ananas\/","og_locale":"en_GB","og_type":"article","og_title":"AC AMINO ATTRACT SPREY DIP - Pineapple (Ananas) - Meleg bait BiH","og_description":"Meleg Bait AC AMINO ATTRACT Sprey Dip (50 ml) Podignite svoju ribolovnu igru na vi\u0161i nivo uz vrhunski AC Amino Attract sprej dip! Napravljen od potpuno prirodnih i pa\u017eljivo odabranih sastojaka, ovaj mo\u0107ni atraktor kombinuje visokokvalitetne arome, zasla\u0111iva\u010de, amino kiseline i prirodne enhancere koji trenutno pove\u0107avaju privla\u010dnost va\u0161eg mamca. Zahvaljuju\u0107i brzoj i jednostavnoj primjeni, dovoljno [&hellip;]","og_url":"https:\/\/melegbait.ba\/en\/product\/ac-amino-attract-sprey-dip-pineapple-ananas\/","og_site_name":"Meleg bait BiH","article_publisher":"https:\/\/www.facebook.com\/MelegBait","article_modified_time":"2026-03-29T11:50:08+00:00","og_image":[{"width":1800,"height":2400,"url":"https:\/\/melegbait.ba\/wp-content\/uploads\/2025\/08\/IMG-6628-1.jpeg","type":"image\/jpeg"}],"twitter_card":"summary_large_image","twitter_misc":{"Estimated reading time":"1 minute"},"schema":{"@context":"https:\/\/schema.org","@graph":[{"@type":"WebPage","@id":"https:\/\/melegbait.ba\/product\/ac-amino-attract-sprey-dip-pineapple-ananas\/","url":"https:\/\/melegbait.ba\/product\/ac-amino-attract-sprey-dip-pineapple-ananas\/","name":"AC AMINO ATTRACT SPREY DIP - Pineapple (Ananas) - Meleg bait BiH","isPartOf":{"@id":"https:\/\/melegbait.ba\/#website"},"primaryImageOfPage":{"@id":"https:\/\/melegbait.ba\/product\/ac-amino-attract-sprey-dip-pineapple-ananas\/#primaryimage"},"image":{"@id":"https:\/\/melegbait.ba\/product\/ac-amino-attract-sprey-dip-pineapple-ananas\/#primaryimage"},"thumbnailUrl":"https:\/\/melegbait.ba\/wp-content\/uploads\/2025\/08\/IMG-6628-1.jpeg","datePublished":"2021-02-24T19:58:54+00:00","dateModified":"2026-03-29T11:50:08+00:00","breadcrumb":{"@id":"https:\/\/melegbait.ba\/product\/ac-amino-attract-sprey-dip-pineapple-ananas\/#breadcrumb"},"inLanguage":"en-GB","potentialAction":[{"@type":"ReadAction","target":["https:\/\/melegbait.ba\/product\/ac-amino-attract-sprey-dip-pineapple-ananas\/"]}]},{"@type":"ImageObject","inLanguage":"en-GB","@id":"https:\/\/melegbait.ba\/product\/ac-amino-attract-sprey-dip-pineapple-ananas\/#primaryimage","url":"https:\/\/melegbait.ba\/wp-content\/uploads\/2025\/08\/IMG-6628-1.jpeg","contentUrl":"https:\/\/melegbait.ba\/wp-content\/uploads\/2025\/08\/IMG-6628-1.jpeg","width":1800,"height":2400},{"@type":"BreadcrumbList","@id":"https:\/\/melegbait.ba\/product\/ac-amino-attract-sprey-dip-pineapple-ananas\/#breadcrumb","itemListElement":[{"@type":"ListItem","position":1,"name":"Home","item":"https:\/\/melegbait.ba\/"},{"@type":"ListItem","position":2,"name":"Shop","item":"https:\/\/melegbait.ba\/shop\/"},{"@type":"ListItem","position":3,"name":"AC AMINO ATTRACT SPREY DIP &#8211; Pineapple (Ananas)"}]},{"@type":"WebSite","@id":"https:\/\/melegbait.ba\/#website","url":"https:\/\/melegbait.ba\/","name":"Meleg bait","description":"Prodaja Feeder i \u0160aranskh komponenti i mamaca","publisher":{"@id":"https:\/\/melegbait.ba\/#organization"},"potentialAction":[{"@type":"SearchAction","target":{"@type":"EntryPoint","urlTemplate":"https:\/\/melegbait.ba\/?s={search_term_string}"},"query-input":{"@type":"PropertyValueSpecification","valueRequired":true,"valueName":"search_term_string"}}],"inLanguage":"en-GB"},{"@type":"Organization","@id":"https:\/\/melegbait.ba\/#organization","name":"Meleg Baits","url":"https:\/\/melegbait.ba\/","logo":{"@type":"ImageObject","inLanguage":"en-GB","@id":"https:\/\/melegbait.ba\/#\/schema\/logo\/image\/","url":"https:\/\/melegbait.ba\/wp-content\/uploads\/2021\/02\/mblogo.jpg","contentUrl":"https:\/\/melegbait.ba\/wp-content\/uploads\/2021\/02\/mblogo.jpg","width":250,"height":250,"caption":"Meleg Baits"},"image":{"@id":"https:\/\/melegbait.ba\/#\/schema\/logo\/image\/"},"sameAs":["https:\/\/www.facebook.com\/MelegBait"]}]}},"_links":{"self":[{"href":"https:\/\/melegbait.ba\/en\/wp-json\/wp\/v2\/product\/32231","targetHints":{"allow":["GET"]}}],"collection":[{"href":"https:\/\/melegbait.ba\/en\/wp-json\/wp\/v2\/product"}],"about":[{"href":"https:\/\/melegbait.ba\/en\/wp-json\/wp\/v2\/types\/product"}],"replies":[{"embeddable":true,"href":"https:\/\/melegbait.ba\/en\/wp-json\/wp\/v2\/comments?post=32231"}],"wp:featuredmedia":[{"embeddable":true,"href":"https:\/\/melegbait.ba\/en\/wp-json\/wp\/v2\/media\/34765"}],"wp:attachment":[{"href":"https:\/\/melegbait.ba\/en\/wp-json\/wp\/v2\/media?parent=32231"}],"wp:term":[{"taxonomy":"product_brand","embeddable":true,"href":"https:\/\/melegbait.ba\/en\/wp-json\/wp\/v2\/product_brand?post=32231"},{"taxonomy":"product_cat","embeddable":true,"href":"https:\/\/melegbait.ba\/en\/wp-json\/wp\/v2\/product_cat?post=32231"},{"taxonomy":"product_tag","embeddable":true,"href":"https:\/\/melegbait.ba\/en\/wp-json\/wp\/v2\/product_tag?post=32231"}],"curies":[{"name":"wp","href":"https:\/\/api.w.org\/{rel}","templated":true}]}}