{"id":32069,"date":"2021-02-11T23:15:47","date_gmt":"2021-02-11T22:15:47","guid":{"rendered":"https:\/\/melegbait.com\/?post_type=product&#038;p=32069"},"modified":"2024-02-09T21:32:05","modified_gmt":"2024-02-09T20:32:05","slug":"catcher-mix-mosquito","status":"publish","type":"product","link":"https:\/\/melegbait.ba\/en\/product\/catcher-mix-mosquito\/","title":{"rendered":"Catcher Mix &#8211; Mosquito"},"content":{"rendered":"<p>The Catcher Boili Mix is different from the others, because the aroma, appetite and color stimulators are\n\"locked\" in the mix thanks to our unique flav-lock process. Catcher mixes are made on the basis of an\neasily digestible Hi-digest mix. What is Hi-Digest? Catcher Boili Mixes are based on our Hi-digest, a new\ndimension among boilie mixes. Hi-digest is the highlight of the easily digestible products, offering the\nideal levels of proteins, carbohydrates, fats, vitamins and minerals. Hi-digest mixes were also confirmed\nin the toughest conditions. Thanks to the precise mixture of easily digestible ingredients, these products\neffectively and quickly attract the carp, providing it with a long-term source of food. All of our test teams\nhad excellent results in response to the question of how good carps reacted to this bait. Preparation of\nboilie from Catcher mix is easy . All you need to do is to add in 500ml of water 1kg of\nCatcher mix. Cooking should take 1-2 minutes depending on the diameter of the boilie and whether\nyou want harder or soft boilie. After that, they should be a little dry and the results will not be missed.\nMixes are made to \"suffer\" everything. Mixing two or more different flavors in order to get a unique mix\nand original color. For example, Octopus Squid is mixed with a Strawberry Lotus Mix 40:60. Or Frankfurt\nSaussage with Tutti Frutti Special mix with 30:70. Using Catcher liquid, we get even more combinations\nand much more efficient boil. Also, combining different Catcher Mixs with Catcher Liquid can result in a\nunique flavor. Everything is on you and your imagination.<\/p>","protected":false},"excerpt":{"rendered":"<p>Catcher boili miks se razlikuje od ostalih, zato \u0161to su aroma, primamljiva\u010di, stimulatori apetita i boja \u201czaklju\u010dani\u201d u miksu zahvaljuju\u0107i na\u0161em jedinstvenom flav-lok procesu. Catcher miksovi su napravljeni na bazi lako svarljivog Hi-digest miksa. \u0160ta je zapravo Hi-digest? Catcher boili miksovi bazirani su na nasem Hi-digest-u, novoj dimenziji me\u0111u boili miksovima. Hi-digest predstavlja vrhunac me\u0111u [&hellip;]<\/p>","protected":false},"featured_media":32067,"comment_status":"open","ping_status":"closed","template":"","meta":{"_et_pb_use_builder":"","_et_pb_old_content":"","_et_gb_content_width":""},"product_brand":[],"product_cat":[31,38,65],"product_tag":[],"class_list":{"0":"post-32069","1":"product","2":"type-product","3":"status-publish","4":"has-post-thumbnail","6":"product_cat-carp","7":"product_cat-boili-mixevi","8":"product_cat-catcher-mix","10":"first","11":"instock","12":"taxable","13":"shipping-taxable","14":"purchasable","15":"product-type-simple"},"yoast_head":"<!-- This site is optimized with the Yoast SEO plugin v26.7 - https:\/\/yoast.com\/wordpress\/plugins\/seo\/ -->\n<title>Catcher Mix - Mosquito - Meleg bait BiH<\/title>\n<meta name=\"robots\" content=\"index, follow, max-snippet:-1, max-image-preview:large, max-video-preview:-1\" \/>\n<link rel=\"canonical\" href=\"https:\/\/melegbait.ba\/en\/product\/catcher-mix-mosquito\/\" \/>\n<meta property=\"og:locale\" content=\"en_GB\" \/>\n<meta property=\"og:type\" content=\"article\" \/>\n<meta property=\"og:title\" content=\"Catcher Mix - Mosquito - Meleg bait BiH\" \/>\n<meta property=\"og:description\" content=\"Catcher boili miks se razlikuje od ostalih, zato \u0161to su aroma, primamljiva\u010di, stimulatori apetita i boja \u201czaklju\u010dani\u201d u miksu zahvaljuju\u0107i na\u0161em jedinstvenom flav-lok procesu. Catcher miksovi su napravljeni na bazi lako svarljivog Hi-digest miksa. \u0160ta je zapravo Hi-digest? Catcher boili miksovi bazirani su na nasem Hi-digest-u, novoj dimenziji me\u0111u boili miksovima. Hi-digest predstavlja vrhunac me\u0111u [&hellip;]\" \/>\n<meta property=\"og:url\" content=\"https:\/\/melegbait.ba\/en\/product\/catcher-mix-mosquito\/\" \/>\n<meta property=\"og:site_name\" content=\"Meleg bait BiH\" \/>\n<meta property=\"article:publisher\" content=\"https:\/\/www.facebook.com\/MelegBait\" \/>\n<meta property=\"article:modified_time\" content=\"2024-02-09T20:32:05+00:00\" \/>\n<meta property=\"og:image\" content=\"https:\/\/melegbait.ba\/wp-content\/uploads\/2021\/02\/catcher-mix-mosquito.jpg\" \/>\n\t<meta property=\"og:image:width\" content=\"600\" \/>\n\t<meta property=\"og:image:height\" content=\"800\" \/>\n\t<meta property=\"og:image:type\" content=\"image\/jpeg\" \/>\n<meta name=\"twitter:card\" content=\"summary_large_image\" \/>\n<meta name=\"twitter:label1\" content=\"Estimated reading time\" \/>\n\t<meta name=\"twitter:data1\" content=\"2 minutes\" \/>\n<script type=\"application\/ld+json\" class=\"yoast-schema-graph\">{\"@context\":\"https:\/\/schema.org\",\"@graph\":[{\"@type\":\"WebPage\",\"@id\":\"https:\/\/melegbait.ba\/product\/catcher-mix-mosquito\/\",\"url\":\"https:\/\/melegbait.ba\/product\/catcher-mix-mosquito\/\",\"name\":\"Catcher Mix - Mosquito - Meleg bait BiH\",\"isPartOf\":{\"@id\":\"https:\/\/melegbait.ba\/#website\"},\"primaryImageOfPage\":{\"@id\":\"https:\/\/melegbait.ba\/product\/catcher-mix-mosquito\/#primaryimage\"},\"image\":{\"@id\":\"https:\/\/melegbait.ba\/product\/catcher-mix-mosquito\/#primaryimage\"},\"thumbnailUrl\":\"https:\/\/melegbait.ba\/wp-content\/uploads\/2021\/02\/catcher-mix-mosquito.jpg\",\"datePublished\":\"2021-02-11T22:15:47+00:00\",\"dateModified\":\"2024-02-09T20:32:05+00:00\",\"breadcrumb\":{\"@id\":\"https:\/\/melegbait.ba\/product\/catcher-mix-mosquito\/#breadcrumb\"},\"inLanguage\":\"en-GB\",\"potentialAction\":[{\"@type\":\"ReadAction\",\"target\":[\"https:\/\/melegbait.ba\/product\/catcher-mix-mosquito\/\"]}]},{\"@type\":\"ImageObject\",\"inLanguage\":\"en-GB\",\"@id\":\"https:\/\/melegbait.ba\/product\/catcher-mix-mosquito\/#primaryimage\",\"url\":\"https:\/\/melegbait.ba\/wp-content\/uploads\/2021\/02\/catcher-mix-mosquito.jpg\",\"contentUrl\":\"https:\/\/melegbait.ba\/wp-content\/uploads\/2021\/02\/catcher-mix-mosquito.jpg\",\"width\":600,\"height\":800},{\"@type\":\"BreadcrumbList\",\"@id\":\"https:\/\/melegbait.ba\/product\/catcher-mix-mosquito\/#breadcrumb\",\"itemListElement\":[{\"@type\":\"ListItem\",\"position\":1,\"name\":\"Home\",\"item\":\"https:\/\/melegbait.ba\/\"},{\"@type\":\"ListItem\",\"position\":2,\"name\":\"Shop\",\"item\":\"https:\/\/melegbait.ba\/shop\/\"},{\"@type\":\"ListItem\",\"position\":3,\"name\":\"Catcher Mix &#8211; Mosquito\"}]},{\"@type\":\"WebSite\",\"@id\":\"https:\/\/melegbait.ba\/#website\",\"url\":\"https:\/\/melegbait.ba\/\",\"name\":\"Meleg bait\",\"description\":\"Prodaja Feeder i \u0160aranskh komponenti i mamaca\",\"publisher\":{\"@id\":\"https:\/\/melegbait.ba\/#organization\"},\"potentialAction\":[{\"@type\":\"SearchAction\",\"target\":{\"@type\":\"EntryPoint\",\"urlTemplate\":\"https:\/\/melegbait.ba\/?s={search_term_string}\"},\"query-input\":{\"@type\":\"PropertyValueSpecification\",\"valueRequired\":true,\"valueName\":\"search_term_string\"}}],\"inLanguage\":\"en-GB\"},{\"@type\":\"Organization\",\"@id\":\"https:\/\/melegbait.ba\/#organization\",\"name\":\"Meleg Baits\",\"url\":\"https:\/\/melegbait.ba\/\",\"logo\":{\"@type\":\"ImageObject\",\"inLanguage\":\"en-GB\",\"@id\":\"https:\/\/melegbait.ba\/#\/schema\/logo\/image\/\",\"url\":\"https:\/\/melegbait.ba\/wp-content\/uploads\/2021\/02\/mblogo.jpg\",\"contentUrl\":\"https:\/\/melegbait.ba\/wp-content\/uploads\/2021\/02\/mblogo.jpg\",\"width\":250,\"height\":250,\"caption\":\"Meleg Baits\"},\"image\":{\"@id\":\"https:\/\/melegbait.ba\/#\/schema\/logo\/image\/\"},\"sameAs\":[\"https:\/\/www.facebook.com\/MelegBait\"]}]}<\/script>\n<!-- \/ Yoast SEO plugin. -->","yoast_head_json":{"title":"Catcher Mix - Mosquito - Meleg bait BiH","robots":{"index":"index","follow":"follow","max-snippet":"max-snippet:-1","max-image-preview":"max-image-preview:large","max-video-preview":"max-video-preview:-1"},"canonical":"https:\/\/melegbait.ba\/en\/product\/catcher-mix-mosquito\/","og_locale":"en_GB","og_type":"article","og_title":"Catcher Mix - Mosquito - Meleg bait BiH","og_description":"Catcher boili miks se razlikuje od ostalih, zato \u0161to su aroma, primamljiva\u010di, stimulatori apetita i boja \u201czaklju\u010dani\u201d u miksu zahvaljuju\u0107i na\u0161em jedinstvenom flav-lok procesu. Catcher miksovi su napravljeni na bazi lako svarljivog Hi-digest miksa. \u0160ta je zapravo Hi-digest? Catcher boili miksovi bazirani su na nasem Hi-digest-u, novoj dimenziji me\u0111u boili miksovima. Hi-digest predstavlja vrhunac me\u0111u [&hellip;]","og_url":"https:\/\/melegbait.ba\/en\/product\/catcher-mix-mosquito\/","og_site_name":"Meleg bait BiH","article_publisher":"https:\/\/www.facebook.com\/MelegBait","article_modified_time":"2024-02-09T20:32:05+00:00","og_image":[{"width":600,"height":800,"url":"https:\/\/melegbait.ba\/wp-content\/uploads\/2021\/02\/catcher-mix-mosquito.jpg","type":"image\/jpeg"}],"twitter_card":"summary_large_image","twitter_misc":{"Estimated reading time":"2 minutes"},"schema":{"@context":"https:\/\/schema.org","@graph":[{"@type":"WebPage","@id":"https:\/\/melegbait.ba\/product\/catcher-mix-mosquito\/","url":"https:\/\/melegbait.ba\/product\/catcher-mix-mosquito\/","name":"Catcher Mix - Mosquito - Meleg bait BiH","isPartOf":{"@id":"https:\/\/melegbait.ba\/#website"},"primaryImageOfPage":{"@id":"https:\/\/melegbait.ba\/product\/catcher-mix-mosquito\/#primaryimage"},"image":{"@id":"https:\/\/melegbait.ba\/product\/catcher-mix-mosquito\/#primaryimage"},"thumbnailUrl":"https:\/\/melegbait.ba\/wp-content\/uploads\/2021\/02\/catcher-mix-mosquito.jpg","datePublished":"2021-02-11T22:15:47+00:00","dateModified":"2024-02-09T20:32:05+00:00","breadcrumb":{"@id":"https:\/\/melegbait.ba\/product\/catcher-mix-mosquito\/#breadcrumb"},"inLanguage":"en-GB","potentialAction":[{"@type":"ReadAction","target":["https:\/\/melegbait.ba\/product\/catcher-mix-mosquito\/"]}]},{"@type":"ImageObject","inLanguage":"en-GB","@id":"https:\/\/melegbait.ba\/product\/catcher-mix-mosquito\/#primaryimage","url":"https:\/\/melegbait.ba\/wp-content\/uploads\/2021\/02\/catcher-mix-mosquito.jpg","contentUrl":"https:\/\/melegbait.ba\/wp-content\/uploads\/2021\/02\/catcher-mix-mosquito.jpg","width":600,"height":800},{"@type":"BreadcrumbList","@id":"https:\/\/melegbait.ba\/product\/catcher-mix-mosquito\/#breadcrumb","itemListElement":[{"@type":"ListItem","position":1,"name":"Home","item":"https:\/\/melegbait.ba\/"},{"@type":"ListItem","position":2,"name":"Shop","item":"https:\/\/melegbait.ba\/shop\/"},{"@type":"ListItem","position":3,"name":"Catcher Mix &#8211; Mosquito"}]},{"@type":"WebSite","@id":"https:\/\/melegbait.ba\/#website","url":"https:\/\/melegbait.ba\/","name":"Meleg bait","description":"Prodaja Feeder i \u0160aranskh komponenti i mamaca","publisher":{"@id":"https:\/\/melegbait.ba\/#organization"},"potentialAction":[{"@type":"SearchAction","target":{"@type":"EntryPoint","urlTemplate":"https:\/\/melegbait.ba\/?s={search_term_string}"},"query-input":{"@type":"PropertyValueSpecification","valueRequired":true,"valueName":"search_term_string"}}],"inLanguage":"en-GB"},{"@type":"Organization","@id":"https:\/\/melegbait.ba\/#organization","name":"Meleg Baits","url":"https:\/\/melegbait.ba\/","logo":{"@type":"ImageObject","inLanguage":"en-GB","@id":"https:\/\/melegbait.ba\/#\/schema\/logo\/image\/","url":"https:\/\/melegbait.ba\/wp-content\/uploads\/2021\/02\/mblogo.jpg","contentUrl":"https:\/\/melegbait.ba\/wp-content\/uploads\/2021\/02\/mblogo.jpg","width":250,"height":250,"caption":"Meleg Baits"},"image":{"@id":"https:\/\/melegbait.ba\/#\/schema\/logo\/image\/"},"sameAs":["https:\/\/www.facebook.com\/MelegBait"]}]}},"_links":{"self":[{"href":"https:\/\/melegbait.ba\/en\/wp-json\/wp\/v2\/product\/32069","targetHints":{"allow":["GET"]}}],"collection":[{"href":"https:\/\/melegbait.ba\/en\/wp-json\/wp\/v2\/product"}],"about":[{"href":"https:\/\/melegbait.ba\/en\/wp-json\/wp\/v2\/types\/product"}],"replies":[{"embeddable":true,"href":"https:\/\/melegbait.ba\/en\/wp-json\/wp\/v2\/comments?post=32069"}],"wp:featuredmedia":[{"embeddable":true,"href":"https:\/\/melegbait.ba\/en\/wp-json\/wp\/v2\/media\/32067"}],"wp:attachment":[{"href":"https:\/\/melegbait.ba\/en\/wp-json\/wp\/v2\/media?parent=32069"}],"wp:term":[{"taxonomy":"product_brand","embeddable":true,"href":"https:\/\/melegbait.ba\/en\/wp-json\/wp\/v2\/product_brand?post=32069"},{"taxonomy":"product_cat","embeddable":true,"href":"https:\/\/melegbait.ba\/en\/wp-json\/wp\/v2\/product_cat?post=32069"},{"taxonomy":"product_tag","embeddable":true,"href":"https:\/\/melegbait.ba\/en\/wp-json\/wp\/v2\/product_tag?post=32069"}],"curies":[{"name":"wp","href":"https:\/\/api.w.org\/{rel}","templated":true}]}}