{"id":31847,"date":"2021-02-02T21:56:28","date_gmt":"2021-02-02T20:56:28","guid":{"rendered":"https:\/\/melegbait.com\/?post_type=product&#038;p=31847"},"modified":"2026-01-16T13:40:01","modified_gmt":"2026-01-16T12:40:01","slug":"q-enzyme-boilie-1kg-t1-tutti-frutti","status":"publish","type":"product","link":"https:\/\/melegbait.ba\/en\/product\/q-enzyme-boilie-1kg-t1-tutti-frutti\/","title":{"rendered":"Q Enzyme Boilie 1kg &#8211; T1 (Tutti Frutti)"},"content":{"rendered":"<p class=\"translation-block\">Our research center never stops working. Our team\u2019s latest research has revealed that large fish not only look for food, but also for minerals and enzymes. Testing has led to a complete overhaul of our bait recipes. Under the leadership of Zoran Meleg and Tony Mills, using a new type of biscuit, squid flour, crab flour, various types of algae, 100% natural liver, fish proteins they both worked on, and more, we have released a new Q Enzyme series of boilies onto the market. This series is equivalent to our Freeze series of boilies in terms of component quality, but it doesn\u2019t need to be kept in the freezer. We achieved this through the use of specific ingredients and a special method of thermal processing and drying under strictly controlled conditions. The absence of eggs also contributes to the durability of this bait. We recommend them to competitors.<br \/>\nThey are available in the following flavors: M1, Plum Shellfish (F1), Strawberry Jam (J1), Banana (B1), Octopus Squid (Q1), Tutti Frutti Special (T1), Strawberry Fish (F2) and Frankfurt Sausage (R1), Baka.<\/p>\n<p>&nbsp;<\/p>","protected":false},"excerpt":{"rendered":"<p>U na\u0161em istra\u017eiva\u010dkom centru se ne miruje. Najnovijim istra\u017eivanjem na\u0161eg tima do\u0161lo se do saznanja da velike ribe ne tra\u017ee samo hranu ve\u0107 i minerale i enzime. Testiranja dovela su do kompletne izmene recepata. Pod rukovodstvom Zorana Melega i Tony Mills-a upotrebom nove vrste biskvita, squid bra\u0161na, bra\u0161na rakova, vi\u0161e vrsta algi, livera koji u [&hellip;]<\/p>","protected":false},"featured_media":33075,"comment_status":"open","ping_status":"closed","template":"","meta":{"_et_pb_use_builder":"","_et_pb_old_content":"","_et_gb_content_width":""},"product_brand":[],"product_cat":[31,32,34],"product_tag":[],"class_list":{"0":"post-31847","1":"product","2":"type-product","3":"status-publish","4":"has-post-thumbnail","6":"product_cat-carp","7":"product_cat-boili","8":"product_cat-q-enzyme-boilie","10":"first","11":"instock","12":"taxable","13":"shipping-taxable","14":"purchasable","15":"product-type-variable"},"yoast_head":"<!-- This site is optimized with the Yoast SEO plugin v26.7 - https:\/\/yoast.com\/wordpress\/plugins\/seo\/ -->\n<title>Q Enzyme Boilie 1kg - T1 (Tutti Frutti) - Meleg bait BiH<\/title>\n<meta name=\"robots\" content=\"index, follow, max-snippet:-1, max-image-preview:large, max-video-preview:-1\" \/>\n<link rel=\"canonical\" href=\"https:\/\/melegbait.ba\/en\/product\/q-enzyme-boilie-1kg-t1-tutti-frutti\/\" \/>\n<meta property=\"og:locale\" content=\"en_GB\" \/>\n<meta property=\"og:type\" content=\"article\" \/>\n<meta property=\"og:title\" content=\"Q Enzyme Boilie 1kg - T1 (Tutti Frutti) - Meleg bait BiH\" \/>\n<meta property=\"og:description\" content=\"U na\u0161em istra\u017eiva\u010dkom centru se ne miruje. Najnovijim istra\u017eivanjem na\u0161eg tima do\u0161lo se do saznanja da velike ribe ne tra\u017ee samo hranu ve\u0107 i minerale i enzime. Testiranja dovela su do kompletne izmene recepata. Pod rukovodstvom Zorana Melega i Tony Mills-a upotrebom nove vrste biskvita, squid bra\u0161na, bra\u0161na rakova, vi\u0161e vrsta algi, livera koji u [&hellip;]\" \/>\n<meta property=\"og:url\" content=\"https:\/\/melegbait.ba\/en\/product\/q-enzyme-boilie-1kg-t1-tutti-frutti\/\" \/>\n<meta property=\"og:site_name\" content=\"Meleg bait BiH\" \/>\n<meta property=\"article:publisher\" content=\"https:\/\/www.facebook.com\/MelegBait\" \/>\n<meta property=\"article:modified_time\" content=\"2026-01-16T12:40:01+00:00\" \/>\n<meta property=\"og:image\" content=\"https:\/\/melegbait.ba\/wp-content\/uploads\/2021\/02\/5E8FF4F3-B1D3-4FCC-9F68-E6541D47388F.png\" \/>\n\t<meta property=\"og:image:width\" content=\"587\" \/>\n\t<meta property=\"og:image:height\" content=\"700\" \/>\n\t<meta property=\"og:image:type\" content=\"image\/png\" \/>\n<meta name=\"twitter:card\" content=\"summary_large_image\" \/>\n<meta name=\"twitter:label1\" content=\"Estimated reading time\" \/>\n\t<meta name=\"twitter:data1\" content=\"2 minutes\" \/>\n<script type=\"application\/ld+json\" class=\"yoast-schema-graph\">{\"@context\":\"https:\/\/schema.org\",\"@graph\":[{\"@type\":\"WebPage\",\"@id\":\"https:\/\/melegbait.ba\/product\/q-enzyme-boilie-1kg-t1-tutti-frutti\/\",\"url\":\"https:\/\/melegbait.ba\/product\/q-enzyme-boilie-1kg-t1-tutti-frutti\/\",\"name\":\"Q Enzyme Boilie 1kg - T1 (Tutti Frutti) - Meleg bait BiH\",\"isPartOf\":{\"@id\":\"https:\/\/melegbait.ba\/#website\"},\"primaryImageOfPage\":{\"@id\":\"https:\/\/melegbait.ba\/product\/q-enzyme-boilie-1kg-t1-tutti-frutti\/#primaryimage\"},\"image\":{\"@id\":\"https:\/\/melegbait.ba\/product\/q-enzyme-boilie-1kg-t1-tutti-frutti\/#primaryimage\"},\"thumbnailUrl\":\"https:\/\/melegbait.ba\/wp-content\/uploads\/2021\/02\/5E8FF4F3-B1D3-4FCC-9F68-E6541D47388F.png\",\"datePublished\":\"2021-02-02T20:56:28+00:00\",\"dateModified\":\"2026-01-16T12:40:01+00:00\",\"breadcrumb\":{\"@id\":\"https:\/\/melegbait.ba\/product\/q-enzyme-boilie-1kg-t1-tutti-frutti\/#breadcrumb\"},\"inLanguage\":\"en-GB\",\"potentialAction\":[{\"@type\":\"ReadAction\",\"target\":[\"https:\/\/melegbait.ba\/product\/q-enzyme-boilie-1kg-t1-tutti-frutti\/\"]}]},{\"@type\":\"ImageObject\",\"inLanguage\":\"en-GB\",\"@id\":\"https:\/\/melegbait.ba\/product\/q-enzyme-boilie-1kg-t1-tutti-frutti\/#primaryimage\",\"url\":\"https:\/\/melegbait.ba\/wp-content\/uploads\/2021\/02\/5E8FF4F3-B1D3-4FCC-9F68-E6541D47388F.png\",\"contentUrl\":\"https:\/\/melegbait.ba\/wp-content\/uploads\/2021\/02\/5E8FF4F3-B1D3-4FCC-9F68-E6541D47388F.png\",\"width\":587,\"height\":700},{\"@type\":\"BreadcrumbList\",\"@id\":\"https:\/\/melegbait.ba\/product\/q-enzyme-boilie-1kg-t1-tutti-frutti\/#breadcrumb\",\"itemListElement\":[{\"@type\":\"ListItem\",\"position\":1,\"name\":\"Home\",\"item\":\"https:\/\/melegbait.ba\/\"},{\"@type\":\"ListItem\",\"position\":2,\"name\":\"Shop\",\"item\":\"https:\/\/melegbait.ba\/shop\/\"},{\"@type\":\"ListItem\",\"position\":3,\"name\":\"Q Enzyme Boilie 1kg &#8211; T1 (Tutti Frutti)\"}]},{\"@type\":\"WebSite\",\"@id\":\"https:\/\/melegbait.ba\/#website\",\"url\":\"https:\/\/melegbait.ba\/\",\"name\":\"Meleg bait\",\"description\":\"Prodaja Feeder i \u0160aranskh komponenti i mamaca\",\"publisher\":{\"@id\":\"https:\/\/melegbait.ba\/#organization\"},\"potentialAction\":[{\"@type\":\"SearchAction\",\"target\":{\"@type\":\"EntryPoint\",\"urlTemplate\":\"https:\/\/melegbait.ba\/?s={search_term_string}\"},\"query-input\":{\"@type\":\"PropertyValueSpecification\",\"valueRequired\":true,\"valueName\":\"search_term_string\"}}],\"inLanguage\":\"en-GB\"},{\"@type\":\"Organization\",\"@id\":\"https:\/\/melegbait.ba\/#organization\",\"name\":\"Meleg Baits\",\"url\":\"https:\/\/melegbait.ba\/\",\"logo\":{\"@type\":\"ImageObject\",\"inLanguage\":\"en-GB\",\"@id\":\"https:\/\/melegbait.ba\/#\/schema\/logo\/image\/\",\"url\":\"https:\/\/melegbait.ba\/wp-content\/uploads\/2021\/02\/mblogo.jpg\",\"contentUrl\":\"https:\/\/melegbait.ba\/wp-content\/uploads\/2021\/02\/mblogo.jpg\",\"width\":250,\"height\":250,\"caption\":\"Meleg Baits\"},\"image\":{\"@id\":\"https:\/\/melegbait.ba\/#\/schema\/logo\/image\/\"},\"sameAs\":[\"https:\/\/www.facebook.com\/MelegBait\"]}]}<\/script>\n<!-- \/ Yoast SEO plugin. -->","yoast_head_json":{"title":"Q Enzyme Boilie 1kg - T1 (Tutti Frutti) - Meleg bait BiH","robots":{"index":"index","follow":"follow","max-snippet":"max-snippet:-1","max-image-preview":"max-image-preview:large","max-video-preview":"max-video-preview:-1"},"canonical":"https:\/\/melegbait.ba\/en\/product\/q-enzyme-boilie-1kg-t1-tutti-frutti\/","og_locale":"en_GB","og_type":"article","og_title":"Q Enzyme Boilie 1kg - T1 (Tutti Frutti) - Meleg bait BiH","og_description":"U na\u0161em istra\u017eiva\u010dkom centru se ne miruje. Najnovijim istra\u017eivanjem na\u0161eg tima do\u0161lo se do saznanja da velike ribe ne tra\u017ee samo hranu ve\u0107 i minerale i enzime. Testiranja dovela su do kompletne izmene recepata. Pod rukovodstvom Zorana Melega i Tony Mills-a upotrebom nove vrste biskvita, squid bra\u0161na, bra\u0161na rakova, vi\u0161e vrsta algi, livera koji u [&hellip;]","og_url":"https:\/\/melegbait.ba\/en\/product\/q-enzyme-boilie-1kg-t1-tutti-frutti\/","og_site_name":"Meleg bait BiH","article_publisher":"https:\/\/www.facebook.com\/MelegBait","article_modified_time":"2026-01-16T12:40:01+00:00","og_image":[{"width":587,"height":700,"url":"https:\/\/melegbait.ba\/wp-content\/uploads\/2021\/02\/5E8FF4F3-B1D3-4FCC-9F68-E6541D47388F.png","type":"image\/png"}],"twitter_card":"summary_large_image","twitter_misc":{"Estimated reading time":"2 minutes"},"schema":{"@context":"https:\/\/schema.org","@graph":[{"@type":"WebPage","@id":"https:\/\/melegbait.ba\/product\/q-enzyme-boilie-1kg-t1-tutti-frutti\/","url":"https:\/\/melegbait.ba\/product\/q-enzyme-boilie-1kg-t1-tutti-frutti\/","name":"Q Enzyme Boilie 1kg - T1 (Tutti Frutti) - Meleg bait BiH","isPartOf":{"@id":"https:\/\/melegbait.ba\/#website"},"primaryImageOfPage":{"@id":"https:\/\/melegbait.ba\/product\/q-enzyme-boilie-1kg-t1-tutti-frutti\/#primaryimage"},"image":{"@id":"https:\/\/melegbait.ba\/product\/q-enzyme-boilie-1kg-t1-tutti-frutti\/#primaryimage"},"thumbnailUrl":"https:\/\/melegbait.ba\/wp-content\/uploads\/2021\/02\/5E8FF4F3-B1D3-4FCC-9F68-E6541D47388F.png","datePublished":"2021-02-02T20:56:28+00:00","dateModified":"2026-01-16T12:40:01+00:00","breadcrumb":{"@id":"https:\/\/melegbait.ba\/product\/q-enzyme-boilie-1kg-t1-tutti-frutti\/#breadcrumb"},"inLanguage":"en-GB","potentialAction":[{"@type":"ReadAction","target":["https:\/\/melegbait.ba\/product\/q-enzyme-boilie-1kg-t1-tutti-frutti\/"]}]},{"@type":"ImageObject","inLanguage":"en-GB","@id":"https:\/\/melegbait.ba\/product\/q-enzyme-boilie-1kg-t1-tutti-frutti\/#primaryimage","url":"https:\/\/melegbait.ba\/wp-content\/uploads\/2021\/02\/5E8FF4F3-B1D3-4FCC-9F68-E6541D47388F.png","contentUrl":"https:\/\/melegbait.ba\/wp-content\/uploads\/2021\/02\/5E8FF4F3-B1D3-4FCC-9F68-E6541D47388F.png","width":587,"height":700},{"@type":"BreadcrumbList","@id":"https:\/\/melegbait.ba\/product\/q-enzyme-boilie-1kg-t1-tutti-frutti\/#breadcrumb","itemListElement":[{"@type":"ListItem","position":1,"name":"Home","item":"https:\/\/melegbait.ba\/"},{"@type":"ListItem","position":2,"name":"Shop","item":"https:\/\/melegbait.ba\/shop\/"},{"@type":"ListItem","position":3,"name":"Q Enzyme Boilie 1kg &#8211; T1 (Tutti Frutti)"}]},{"@type":"WebSite","@id":"https:\/\/melegbait.ba\/#website","url":"https:\/\/melegbait.ba\/","name":"Meleg bait","description":"Prodaja Feeder i \u0160aranskh komponenti i mamaca","publisher":{"@id":"https:\/\/melegbait.ba\/#organization"},"potentialAction":[{"@type":"SearchAction","target":{"@type":"EntryPoint","urlTemplate":"https:\/\/melegbait.ba\/?s={search_term_string}"},"query-input":{"@type":"PropertyValueSpecification","valueRequired":true,"valueName":"search_term_string"}}],"inLanguage":"en-GB"},{"@type":"Organization","@id":"https:\/\/melegbait.ba\/#organization","name":"Meleg Baits","url":"https:\/\/melegbait.ba\/","logo":{"@type":"ImageObject","inLanguage":"en-GB","@id":"https:\/\/melegbait.ba\/#\/schema\/logo\/image\/","url":"https:\/\/melegbait.ba\/wp-content\/uploads\/2021\/02\/mblogo.jpg","contentUrl":"https:\/\/melegbait.ba\/wp-content\/uploads\/2021\/02\/mblogo.jpg","width":250,"height":250,"caption":"Meleg Baits"},"image":{"@id":"https:\/\/melegbait.ba\/#\/schema\/logo\/image\/"},"sameAs":["https:\/\/www.facebook.com\/MelegBait"]}]}},"_links":{"self":[{"href":"https:\/\/melegbait.ba\/en\/wp-json\/wp\/v2\/product\/31847","targetHints":{"allow":["GET"]}}],"collection":[{"href":"https:\/\/melegbait.ba\/en\/wp-json\/wp\/v2\/product"}],"about":[{"href":"https:\/\/melegbait.ba\/en\/wp-json\/wp\/v2\/types\/product"}],"replies":[{"embeddable":true,"href":"https:\/\/melegbait.ba\/en\/wp-json\/wp\/v2\/comments?post=31847"}],"wp:featuredmedia":[{"embeddable":true,"href":"https:\/\/melegbait.ba\/en\/wp-json\/wp\/v2\/media\/33075"}],"wp:attachment":[{"href":"https:\/\/melegbait.ba\/en\/wp-json\/wp\/v2\/media?parent=31847"}],"wp:term":[{"taxonomy":"product_brand","embeddable":true,"href":"https:\/\/melegbait.ba\/en\/wp-json\/wp\/v2\/product_brand?post=31847"},{"taxonomy":"product_cat","embeddable":true,"href":"https:\/\/melegbait.ba\/en\/wp-json\/wp\/v2\/product_cat?post=31847"},{"taxonomy":"product_tag","embeddable":true,"href":"https:\/\/melegbait.ba\/en\/wp-json\/wp\/v2\/product_tag?post=31847"}],"curies":[{"name":"wp","href":"https:\/\/api.w.org\/{rel}","templated":true}]}}