{"id":31746,"date":"2021-01-30T16:22:06","date_gmt":"2021-01-30T15:22:06","guid":{"rendered":"https:\/\/melegbait.com\/?post_type=product&#038;p=31746"},"modified":"2026-03-30T15:13:15","modified_gmt":"2026-03-30T14:13:15","slug":"boosted-boilie-90-g-white-chocolate-bijela-cokolada","status":"publish","type":"product","link":"https:\/\/melegbait.ba\/en\/product\/boosted-boilie-90-g-white-chocolate-bijela-cokolada\/","title":{"rendered":"Boosted boilie 90 g &#8211; White chocolate (Bijela \u010cokolada)"},"content":{"rendered":"<p data-start=\"78\" data-end=\"277\"><strong data-start=\"78\" data-end=\"102\">Boosted Dipped boile<\/strong> su posebno dipovane boile namenjene isklju\u010divo za kori\u0161\u0107enje kao mamac na dlaci. Oboga\u0107ene su dodatnim aromama, atraktorima i specijalnim okida\u010dima koji podsti\u010du apetit ribe.<\/p>\n<p data-start=\"279\" data-end=\"485\">Zahvaljuju\u0107i svojoj poja\u010danoj atraktivnosti, ove boile se izdvajaju u vodi \u2013 postepeno otpu\u0161taju dip, stvaraju\u0107i sna\u017ean signal koji privla\u010di ribu i navodi je da prepozna mamac kao lak i siguran izvor hrane.<\/p>\n<p data-start=\"487\" data-end=\"663\">Dodatno, <strong data-start=\"496\" data-end=\"544\">odli\u010dno se kombinuju sa na\u0161im Pop Up boilama<\/strong>, \u010dime dobija\u0161 savr\u0161eno balansiran i jo\u0161 primamljiv mamac, koji daje vrhunske rezultate na vodi.<\/p>\n<p data-start=\"98\" data-end=\"297\">Boosted boile dolaze u pre\u010dniku od <strong data-start=\"542\" data-end=\"551\">14 mm<\/strong>, a pakovane su u kutiji od <strong data-start=\"592\" data-end=\"600\">90 g<\/strong>.<\/p>","protected":false},"excerpt":{"rendered":"<p>Boosted Dipped boile su posebno dipovane boile namenjene isklju\u010divo za kori\u0161\u0107enje kao mamac na dlaci. Oboga\u0107ene su dodatnim aromama, atraktorima i specijalnim okida\u010dima koji podsti\u010du apetit ribe. Zahvaljuju\u0107i svojoj poja\u010danoj atraktivnosti, ove boile se izdvajaju u vodi \u2013 postepeno otpu\u0161taju dip, stvaraju\u0107i sna\u017ean signal koji privla\u010di ribu i navodi je da prepozna mamac kao lak [&hellip;]<\/p>","protected":false},"featured_media":34834,"comment_status":"open","ping_status":"closed","template":"","meta":{"_et_pb_use_builder":"","_et_pb_old_content":"","_et_gb_content_width":""},"product_brand":[],"product_cat":[31,32,59],"product_tag":[],"class_list":{"0":"post-31746","1":"product","2":"type-product","3":"status-publish","4":"has-post-thumbnail","6":"product_cat-carp","7":"product_cat-boili","8":"product_cat-boosted-micro-boili-10mm","10":"first","11":"instock","12":"taxable","13":"shipping-taxable","14":"purchasable","15":"product-type-simple"},"yoast_head":"<!-- This site is optimized with the Yoast SEO plugin v26.7 - https:\/\/yoast.com\/wordpress\/plugins\/seo\/ -->\n<title>Boosted boilie 90 g - White chocolate (Bijela \u010cokolada) - Meleg bait BiH<\/title>\n<meta name=\"robots\" content=\"index, follow, max-snippet:-1, max-image-preview:large, max-video-preview:-1\" \/>\n<link rel=\"canonical\" href=\"https:\/\/melegbait.ba\/en\/product\/boosted-boilie-90-g-white-chocolate-bijela-cokolada\/\" \/>\n<meta property=\"og:locale\" content=\"en_GB\" \/>\n<meta property=\"og:type\" content=\"article\" \/>\n<meta property=\"og:title\" content=\"Boosted boilie 90 g - White chocolate (Bijela \u010cokolada) - Meleg bait BiH\" \/>\n<meta property=\"og:description\" content=\"Boosted Dipped boile su posebno dipovane boile namenjene isklju\u010divo za kori\u0161\u0107enje kao mamac na dlaci. Oboga\u0107ene su dodatnim aromama, atraktorima i specijalnim okida\u010dima koji podsti\u010du apetit ribe. Zahvaljuju\u0107i svojoj poja\u010danoj atraktivnosti, ove boile se izdvajaju u vodi \u2013 postepeno otpu\u0161taju dip, stvaraju\u0107i sna\u017ean signal koji privla\u010di ribu i navodi je da prepozna mamac kao lak [&hellip;]\" \/>\n<meta property=\"og:url\" content=\"https:\/\/melegbait.ba\/en\/product\/boosted-boilie-90-g-white-chocolate-bijela-cokolada\/\" \/>\n<meta property=\"og:site_name\" content=\"Meleg bait BiH\" \/>\n<meta property=\"article:publisher\" content=\"https:\/\/www.facebook.com\/MelegBait\" \/>\n<meta property=\"article:modified_time\" content=\"2026-03-30T14:13:15+00:00\" \/>\n<meta property=\"og:image\" content=\"https:\/\/melegbait.ba\/wp-content\/uploads\/2021\/01\/IMG-6758.jpeg\" \/>\n\t<meta property=\"og:image:width\" content=\"1800\" \/>\n\t<meta property=\"og:image:height\" content=\"2400\" \/>\n\t<meta property=\"og:image:type\" content=\"image\/jpeg\" \/>\n<meta name=\"twitter:card\" content=\"summary_large_image\" \/>\n<meta name=\"twitter:label1\" content=\"Estimated reading time\" \/>\n\t<meta name=\"twitter:data1\" content=\"1 minute\" \/>\n<script type=\"application\/ld+json\" class=\"yoast-schema-graph\">{\"@context\":\"https:\/\/schema.org\",\"@graph\":[{\"@type\":\"WebPage\",\"@id\":\"https:\/\/melegbait.ba\/product\/boosted-boilie-90-g-white-chocolate-bijela-cokolada\/\",\"url\":\"https:\/\/melegbait.ba\/product\/boosted-boilie-90-g-white-chocolate-bijela-cokolada\/\",\"name\":\"Boosted boilie 90 g - White chocolate (Bijela \u010cokolada) - Meleg bait BiH\",\"isPartOf\":{\"@id\":\"https:\/\/melegbait.ba\/#website\"},\"primaryImageOfPage\":{\"@id\":\"https:\/\/melegbait.ba\/product\/boosted-boilie-90-g-white-chocolate-bijela-cokolada\/#primaryimage\"},\"image\":{\"@id\":\"https:\/\/melegbait.ba\/product\/boosted-boilie-90-g-white-chocolate-bijela-cokolada\/#primaryimage\"},\"thumbnailUrl\":\"https:\/\/melegbait.ba\/wp-content\/uploads\/2021\/01\/IMG-6758.jpeg\",\"datePublished\":\"2021-01-30T15:22:06+00:00\",\"dateModified\":\"2026-03-30T14:13:15+00:00\",\"breadcrumb\":{\"@id\":\"https:\/\/melegbait.ba\/product\/boosted-boilie-90-g-white-chocolate-bijela-cokolada\/#breadcrumb\"},\"inLanguage\":\"en-GB\",\"potentialAction\":[{\"@type\":\"ReadAction\",\"target\":[\"https:\/\/melegbait.ba\/product\/boosted-boilie-90-g-white-chocolate-bijela-cokolada\/\"]}]},{\"@type\":\"ImageObject\",\"inLanguage\":\"en-GB\",\"@id\":\"https:\/\/melegbait.ba\/product\/boosted-boilie-90-g-white-chocolate-bijela-cokolada\/#primaryimage\",\"url\":\"https:\/\/melegbait.ba\/wp-content\/uploads\/2021\/01\/IMG-6758.jpeg\",\"contentUrl\":\"https:\/\/melegbait.ba\/wp-content\/uploads\/2021\/01\/IMG-6758.jpeg\",\"width\":1800,\"height\":2400},{\"@type\":\"BreadcrumbList\",\"@id\":\"https:\/\/melegbait.ba\/product\/boosted-boilie-90-g-white-chocolate-bijela-cokolada\/#breadcrumb\",\"itemListElement\":[{\"@type\":\"ListItem\",\"position\":1,\"name\":\"Home\",\"item\":\"https:\/\/melegbait.ba\/\"},{\"@type\":\"ListItem\",\"position\":2,\"name\":\"Shop\",\"item\":\"https:\/\/melegbait.ba\/shop\/\"},{\"@type\":\"ListItem\",\"position\":3,\"name\":\"Boosted boilie 90 g &#8211; White chocolate (Bijela \u010cokolada)\"}]},{\"@type\":\"WebSite\",\"@id\":\"https:\/\/melegbait.ba\/#website\",\"url\":\"https:\/\/melegbait.ba\/\",\"name\":\"Meleg bait\",\"description\":\"Prodaja Feeder i \u0160aranskh komponenti i mamaca\",\"publisher\":{\"@id\":\"https:\/\/melegbait.ba\/#organization\"},\"potentialAction\":[{\"@type\":\"SearchAction\",\"target\":{\"@type\":\"EntryPoint\",\"urlTemplate\":\"https:\/\/melegbait.ba\/?s={search_term_string}\"},\"query-input\":{\"@type\":\"PropertyValueSpecification\",\"valueRequired\":true,\"valueName\":\"search_term_string\"}}],\"inLanguage\":\"en-GB\"},{\"@type\":\"Organization\",\"@id\":\"https:\/\/melegbait.ba\/#organization\",\"name\":\"Meleg Baits\",\"url\":\"https:\/\/melegbait.ba\/\",\"logo\":{\"@type\":\"ImageObject\",\"inLanguage\":\"en-GB\",\"@id\":\"https:\/\/melegbait.ba\/#\/schema\/logo\/image\/\",\"url\":\"https:\/\/melegbait.ba\/wp-content\/uploads\/2021\/02\/mblogo.jpg\",\"contentUrl\":\"https:\/\/melegbait.ba\/wp-content\/uploads\/2021\/02\/mblogo.jpg\",\"width\":250,\"height\":250,\"caption\":\"Meleg Baits\"},\"image\":{\"@id\":\"https:\/\/melegbait.ba\/#\/schema\/logo\/image\/\"},\"sameAs\":[\"https:\/\/www.facebook.com\/MelegBait\"]}]}<\/script>\n<!-- \/ Yoast SEO plugin. -->","yoast_head_json":{"title":"Boosted boilie 90 g - White chocolate (Bijela \u010cokolada) - Meleg bait BiH","robots":{"index":"index","follow":"follow","max-snippet":"max-snippet:-1","max-image-preview":"max-image-preview:large","max-video-preview":"max-video-preview:-1"},"canonical":"https:\/\/melegbait.ba\/en\/product\/boosted-boilie-90-g-white-chocolate-bijela-cokolada\/","og_locale":"en_GB","og_type":"article","og_title":"Boosted boilie 90 g - White chocolate (Bijela \u010cokolada) - Meleg bait BiH","og_description":"Boosted Dipped boile su posebno dipovane boile namenjene isklju\u010divo za kori\u0161\u0107enje kao mamac na dlaci. Oboga\u0107ene su dodatnim aromama, atraktorima i specijalnim okida\u010dima koji podsti\u010du apetit ribe. Zahvaljuju\u0107i svojoj poja\u010danoj atraktivnosti, ove boile se izdvajaju u vodi \u2013 postepeno otpu\u0161taju dip, stvaraju\u0107i sna\u017ean signal koji privla\u010di ribu i navodi je da prepozna mamac kao lak [&hellip;]","og_url":"https:\/\/melegbait.ba\/en\/product\/boosted-boilie-90-g-white-chocolate-bijela-cokolada\/","og_site_name":"Meleg bait BiH","article_publisher":"https:\/\/www.facebook.com\/MelegBait","article_modified_time":"2026-03-30T14:13:15+00:00","og_image":[{"width":1800,"height":2400,"url":"https:\/\/melegbait.ba\/wp-content\/uploads\/2021\/01\/IMG-6758.jpeg","type":"image\/jpeg"}],"twitter_card":"summary_large_image","twitter_misc":{"Estimated reading time":"1 minute"},"schema":{"@context":"https:\/\/schema.org","@graph":[{"@type":"WebPage","@id":"https:\/\/melegbait.ba\/product\/boosted-boilie-90-g-white-chocolate-bijela-cokolada\/","url":"https:\/\/melegbait.ba\/product\/boosted-boilie-90-g-white-chocolate-bijela-cokolada\/","name":"Boosted boilie 90 g - White chocolate (Bijela \u010cokolada) - Meleg bait BiH","isPartOf":{"@id":"https:\/\/melegbait.ba\/#website"},"primaryImageOfPage":{"@id":"https:\/\/melegbait.ba\/product\/boosted-boilie-90-g-white-chocolate-bijela-cokolada\/#primaryimage"},"image":{"@id":"https:\/\/melegbait.ba\/product\/boosted-boilie-90-g-white-chocolate-bijela-cokolada\/#primaryimage"},"thumbnailUrl":"https:\/\/melegbait.ba\/wp-content\/uploads\/2021\/01\/IMG-6758.jpeg","datePublished":"2021-01-30T15:22:06+00:00","dateModified":"2026-03-30T14:13:15+00:00","breadcrumb":{"@id":"https:\/\/melegbait.ba\/product\/boosted-boilie-90-g-white-chocolate-bijela-cokolada\/#breadcrumb"},"inLanguage":"en-GB","potentialAction":[{"@type":"ReadAction","target":["https:\/\/melegbait.ba\/product\/boosted-boilie-90-g-white-chocolate-bijela-cokolada\/"]}]},{"@type":"ImageObject","inLanguage":"en-GB","@id":"https:\/\/melegbait.ba\/product\/boosted-boilie-90-g-white-chocolate-bijela-cokolada\/#primaryimage","url":"https:\/\/melegbait.ba\/wp-content\/uploads\/2021\/01\/IMG-6758.jpeg","contentUrl":"https:\/\/melegbait.ba\/wp-content\/uploads\/2021\/01\/IMG-6758.jpeg","width":1800,"height":2400},{"@type":"BreadcrumbList","@id":"https:\/\/melegbait.ba\/product\/boosted-boilie-90-g-white-chocolate-bijela-cokolada\/#breadcrumb","itemListElement":[{"@type":"ListItem","position":1,"name":"Home","item":"https:\/\/melegbait.ba\/"},{"@type":"ListItem","position":2,"name":"Shop","item":"https:\/\/melegbait.ba\/shop\/"},{"@type":"ListItem","position":3,"name":"Boosted boilie 90 g &#8211; White chocolate (Bijela \u010cokolada)"}]},{"@type":"WebSite","@id":"https:\/\/melegbait.ba\/#website","url":"https:\/\/melegbait.ba\/","name":"Meleg bait","description":"Prodaja Feeder i \u0160aranskh komponenti i mamaca","publisher":{"@id":"https:\/\/melegbait.ba\/#organization"},"potentialAction":[{"@type":"SearchAction","target":{"@type":"EntryPoint","urlTemplate":"https:\/\/melegbait.ba\/?s={search_term_string}"},"query-input":{"@type":"PropertyValueSpecification","valueRequired":true,"valueName":"search_term_string"}}],"inLanguage":"en-GB"},{"@type":"Organization","@id":"https:\/\/melegbait.ba\/#organization","name":"Meleg Baits","url":"https:\/\/melegbait.ba\/","logo":{"@type":"ImageObject","inLanguage":"en-GB","@id":"https:\/\/melegbait.ba\/#\/schema\/logo\/image\/","url":"https:\/\/melegbait.ba\/wp-content\/uploads\/2021\/02\/mblogo.jpg","contentUrl":"https:\/\/melegbait.ba\/wp-content\/uploads\/2021\/02\/mblogo.jpg","width":250,"height":250,"caption":"Meleg Baits"},"image":{"@id":"https:\/\/melegbait.ba\/#\/schema\/logo\/image\/"},"sameAs":["https:\/\/www.facebook.com\/MelegBait"]}]}},"_links":{"self":[{"href":"https:\/\/melegbait.ba\/en\/wp-json\/wp\/v2\/product\/31746","targetHints":{"allow":["GET"]}}],"collection":[{"href":"https:\/\/melegbait.ba\/en\/wp-json\/wp\/v2\/product"}],"about":[{"href":"https:\/\/melegbait.ba\/en\/wp-json\/wp\/v2\/types\/product"}],"replies":[{"embeddable":true,"href":"https:\/\/melegbait.ba\/en\/wp-json\/wp\/v2\/comments?post=31746"}],"wp:featuredmedia":[{"embeddable":true,"href":"https:\/\/melegbait.ba\/en\/wp-json\/wp\/v2\/media\/34834"}],"wp:attachment":[{"href":"https:\/\/melegbait.ba\/en\/wp-json\/wp\/v2\/media?parent=31746"}],"wp:term":[{"taxonomy":"product_brand","embeddable":true,"href":"https:\/\/melegbait.ba\/en\/wp-json\/wp\/v2\/product_brand?post=31746"},{"taxonomy":"product_cat","embeddable":true,"href":"https:\/\/melegbait.ba\/en\/wp-json\/wp\/v2\/product_cat?post=31746"},{"taxonomy":"product_tag","embeddable":true,"href":"https:\/\/melegbait.ba\/en\/wp-json\/wp\/v2\/product_tag?post=31746"}],"curies":[{"name":"wp","href":"https:\/\/api.w.org\/{rel}","templated":true}]}}