{"id":31539,"date":"2021-01-22T21:17:49","date_gmt":"2021-01-22T20:17:49","guid":{"rendered":"https:\/\/melegbait.com\/?post_type=product&#038;p=31539"},"modified":"2024-02-09T22:09:53","modified_gmt":"2024-02-09T21:09:53","slug":"fish-extract","status":"publish","type":"product","link":"https:\/\/melegbait.ba\/en\/product\/fish-extract\/","title":{"rendered":"Fish Extract"},"content":{"rendered":"<p>With the special process from pure fish meat we got Fish extract. Extremely strong and\ncharacteristic fragrance. With a high percentage of proteins it represents powerful weapons and\ncan also be used as an addition to spod mixes, pellets and ground baits. In the sweet mix it is\ndosed with 25-50 grams, while for the fish mix is enough and somewhat smaller quantity.Packaging 250g.<\/p>","protected":false},"excerpt":{"rendered":"<p>Specijalnim procesom iz \u010distog mesa ribe dobili smo Fish extract. Izuzetno jakog i karakteristi\u010dnog mirisa. Sa visokim procentom proteina predstavlja mo\u0107no oru\u017eije a mo\u017ee da se primenjuje i kao dodatak spod miksovima, peletima i pra\u0161kastoj hrani. U sweet miks se dozira sa 25-50 grama, dok je za fish miks dovoljna i ne\u0161to manja koli\u010dina. Pakovanje [&hellip;]<\/p>","protected":false},"featured_media":31540,"comment_status":"open","ping_status":"closed","template":"","meta":{"_et_pb_use_builder":"","_et_pb_old_content":"","_et_gb_content_width":""},"product_brand":[],"product_cat":[31,40],"product_tag":[],"class_list":{"0":"post-31539","1":"product","2":"type-product","3":"status-publish","4":"has-post-thumbnail","6":"product_cat-carp","7":"product_cat-praskasti-aditivi","9":"first","10":"instock","11":"taxable","12":"shipping-taxable","13":"purchasable","14":"product-type-simple"},"yoast_head":"<!-- This site is optimized with the Yoast SEO plugin v26.7 - https:\/\/yoast.com\/wordpress\/plugins\/seo\/ -->\n<title>Fish Extract - Meleg bait BiH<\/title>\n<meta name=\"robots\" content=\"index, follow, max-snippet:-1, max-image-preview:large, max-video-preview:-1\" \/>\n<link rel=\"canonical\" href=\"https:\/\/melegbait.ba\/en\/product\/fish-extract\/\" \/>\n<meta property=\"og:locale\" content=\"en_GB\" \/>\n<meta property=\"og:type\" content=\"article\" \/>\n<meta property=\"og:title\" content=\"Fish Extract - Meleg bait BiH\" \/>\n<meta property=\"og:description\" content=\"Specijalnim procesom iz \u010distog mesa ribe dobili smo Fish extract. Izuzetno jakog i karakteristi\u010dnog mirisa. Sa visokim procentom proteina predstavlja mo\u0107no oru\u017eije a mo\u017ee da se primenjuje i kao dodatak spod miksovima, peletima i pra\u0161kastoj hrani. U sweet miks se dozira sa 25-50 grama, dok je za fish miks dovoljna i ne\u0161to manja koli\u010dina. Pakovanje [&hellip;]\" \/>\n<meta property=\"og:url\" content=\"https:\/\/melegbait.ba\/en\/product\/fish-extract\/\" \/>\n<meta property=\"og:site_name\" content=\"Meleg bait BiH\" \/>\n<meta property=\"article:publisher\" content=\"https:\/\/www.facebook.com\/MelegBait\" \/>\n<meta property=\"article:modified_time\" content=\"2024-02-09T21:09:53+00:00\" \/>\n<meta property=\"og:image\" content=\"https:\/\/melegbait.ba\/wp-content\/uploads\/2021\/01\/fish-extract.jpg\" \/>\n\t<meta property=\"og:image:width\" content=\"600\" \/>\n\t<meta property=\"og:image:height\" content=\"712\" \/>\n\t<meta property=\"og:image:type\" content=\"image\/jpeg\" \/>\n<meta name=\"twitter:card\" content=\"summary_large_image\" \/>\n<meta name=\"twitter:label1\" content=\"Estimated reading time\" \/>\n\t<meta name=\"twitter:data1\" content=\"1 minute\" \/>\n<script type=\"application\/ld+json\" class=\"yoast-schema-graph\">{\"@context\":\"https:\/\/schema.org\",\"@graph\":[{\"@type\":\"WebPage\",\"@id\":\"https:\/\/melegbait.ba\/product\/fish-extract\/\",\"url\":\"https:\/\/melegbait.ba\/product\/fish-extract\/\",\"name\":\"Fish Extract - Meleg bait BiH\",\"isPartOf\":{\"@id\":\"https:\/\/melegbait.ba\/#website\"},\"primaryImageOfPage\":{\"@id\":\"https:\/\/melegbait.ba\/product\/fish-extract\/#primaryimage\"},\"image\":{\"@id\":\"https:\/\/melegbait.ba\/product\/fish-extract\/#primaryimage\"},\"thumbnailUrl\":\"https:\/\/melegbait.ba\/wp-content\/uploads\/2021\/01\/fish-extract.jpg\",\"datePublished\":\"2021-01-22T20:17:49+00:00\",\"dateModified\":\"2024-02-09T21:09:53+00:00\",\"breadcrumb\":{\"@id\":\"https:\/\/melegbait.ba\/product\/fish-extract\/#breadcrumb\"},\"inLanguage\":\"en-GB\",\"potentialAction\":[{\"@type\":\"ReadAction\",\"target\":[\"https:\/\/melegbait.ba\/product\/fish-extract\/\"]}]},{\"@type\":\"ImageObject\",\"inLanguage\":\"en-GB\",\"@id\":\"https:\/\/melegbait.ba\/product\/fish-extract\/#primaryimage\",\"url\":\"https:\/\/melegbait.ba\/wp-content\/uploads\/2021\/01\/fish-extract.jpg\",\"contentUrl\":\"https:\/\/melegbait.ba\/wp-content\/uploads\/2021\/01\/fish-extract.jpg\",\"width\":600,\"height\":712},{\"@type\":\"BreadcrumbList\",\"@id\":\"https:\/\/melegbait.ba\/product\/fish-extract\/#breadcrumb\",\"itemListElement\":[{\"@type\":\"ListItem\",\"position\":1,\"name\":\"Home\",\"item\":\"https:\/\/melegbait.ba\/\"},{\"@type\":\"ListItem\",\"position\":2,\"name\":\"Shop\",\"item\":\"https:\/\/melegbait.ba\/shop\/\"},{\"@type\":\"ListItem\",\"position\":3,\"name\":\"Fish Extract\"}]},{\"@type\":\"WebSite\",\"@id\":\"https:\/\/melegbait.ba\/#website\",\"url\":\"https:\/\/melegbait.ba\/\",\"name\":\"Meleg bait\",\"description\":\"Prodaja Feeder i \u0160aranskh komponenti i mamaca\",\"publisher\":{\"@id\":\"https:\/\/melegbait.ba\/#organization\"},\"potentialAction\":[{\"@type\":\"SearchAction\",\"target\":{\"@type\":\"EntryPoint\",\"urlTemplate\":\"https:\/\/melegbait.ba\/?s={search_term_string}\"},\"query-input\":{\"@type\":\"PropertyValueSpecification\",\"valueRequired\":true,\"valueName\":\"search_term_string\"}}],\"inLanguage\":\"en-GB\"},{\"@type\":\"Organization\",\"@id\":\"https:\/\/melegbait.ba\/#organization\",\"name\":\"Meleg Baits\",\"url\":\"https:\/\/melegbait.ba\/\",\"logo\":{\"@type\":\"ImageObject\",\"inLanguage\":\"en-GB\",\"@id\":\"https:\/\/melegbait.ba\/#\/schema\/logo\/image\/\",\"url\":\"https:\/\/melegbait.ba\/wp-content\/uploads\/2021\/02\/mblogo.jpg\",\"contentUrl\":\"https:\/\/melegbait.ba\/wp-content\/uploads\/2021\/02\/mblogo.jpg\",\"width\":250,\"height\":250,\"caption\":\"Meleg Baits\"},\"image\":{\"@id\":\"https:\/\/melegbait.ba\/#\/schema\/logo\/image\/\"},\"sameAs\":[\"https:\/\/www.facebook.com\/MelegBait\"]}]}<\/script>\n<!-- \/ Yoast SEO plugin. -->","yoast_head_json":{"title":"Fish Extract - Meleg bait BiH","robots":{"index":"index","follow":"follow","max-snippet":"max-snippet:-1","max-image-preview":"max-image-preview:large","max-video-preview":"max-video-preview:-1"},"canonical":"https:\/\/melegbait.ba\/en\/product\/fish-extract\/","og_locale":"en_GB","og_type":"article","og_title":"Fish Extract - Meleg bait BiH","og_description":"Specijalnim procesom iz \u010distog mesa ribe dobili smo Fish extract. Izuzetno jakog i karakteristi\u010dnog mirisa. Sa visokim procentom proteina predstavlja mo\u0107no oru\u017eije a mo\u017ee da se primenjuje i kao dodatak spod miksovima, peletima i pra\u0161kastoj hrani. U sweet miks se dozira sa 25-50 grama, dok je za fish miks dovoljna i ne\u0161to manja koli\u010dina. Pakovanje [&hellip;]","og_url":"https:\/\/melegbait.ba\/en\/product\/fish-extract\/","og_site_name":"Meleg bait BiH","article_publisher":"https:\/\/www.facebook.com\/MelegBait","article_modified_time":"2024-02-09T21:09:53+00:00","og_image":[{"width":600,"height":712,"url":"https:\/\/melegbait.ba\/wp-content\/uploads\/2021\/01\/fish-extract.jpg","type":"image\/jpeg"}],"twitter_card":"summary_large_image","twitter_misc":{"Estimated reading time":"1 minute"},"schema":{"@context":"https:\/\/schema.org","@graph":[{"@type":"WebPage","@id":"https:\/\/melegbait.ba\/product\/fish-extract\/","url":"https:\/\/melegbait.ba\/product\/fish-extract\/","name":"Fish Extract - Meleg bait BiH","isPartOf":{"@id":"https:\/\/melegbait.ba\/#website"},"primaryImageOfPage":{"@id":"https:\/\/melegbait.ba\/product\/fish-extract\/#primaryimage"},"image":{"@id":"https:\/\/melegbait.ba\/product\/fish-extract\/#primaryimage"},"thumbnailUrl":"https:\/\/melegbait.ba\/wp-content\/uploads\/2021\/01\/fish-extract.jpg","datePublished":"2021-01-22T20:17:49+00:00","dateModified":"2024-02-09T21:09:53+00:00","breadcrumb":{"@id":"https:\/\/melegbait.ba\/product\/fish-extract\/#breadcrumb"},"inLanguage":"en-GB","potentialAction":[{"@type":"ReadAction","target":["https:\/\/melegbait.ba\/product\/fish-extract\/"]}]},{"@type":"ImageObject","inLanguage":"en-GB","@id":"https:\/\/melegbait.ba\/product\/fish-extract\/#primaryimage","url":"https:\/\/melegbait.ba\/wp-content\/uploads\/2021\/01\/fish-extract.jpg","contentUrl":"https:\/\/melegbait.ba\/wp-content\/uploads\/2021\/01\/fish-extract.jpg","width":600,"height":712},{"@type":"BreadcrumbList","@id":"https:\/\/melegbait.ba\/product\/fish-extract\/#breadcrumb","itemListElement":[{"@type":"ListItem","position":1,"name":"Home","item":"https:\/\/melegbait.ba\/"},{"@type":"ListItem","position":2,"name":"Shop","item":"https:\/\/melegbait.ba\/shop\/"},{"@type":"ListItem","position":3,"name":"Fish Extract"}]},{"@type":"WebSite","@id":"https:\/\/melegbait.ba\/#website","url":"https:\/\/melegbait.ba\/","name":"Meleg bait","description":"Prodaja Feeder i \u0160aranskh komponenti i mamaca","publisher":{"@id":"https:\/\/melegbait.ba\/#organization"},"potentialAction":[{"@type":"SearchAction","target":{"@type":"EntryPoint","urlTemplate":"https:\/\/melegbait.ba\/?s={search_term_string}"},"query-input":{"@type":"PropertyValueSpecification","valueRequired":true,"valueName":"search_term_string"}}],"inLanguage":"en-GB"},{"@type":"Organization","@id":"https:\/\/melegbait.ba\/#organization","name":"Meleg Baits","url":"https:\/\/melegbait.ba\/","logo":{"@type":"ImageObject","inLanguage":"en-GB","@id":"https:\/\/melegbait.ba\/#\/schema\/logo\/image\/","url":"https:\/\/melegbait.ba\/wp-content\/uploads\/2021\/02\/mblogo.jpg","contentUrl":"https:\/\/melegbait.ba\/wp-content\/uploads\/2021\/02\/mblogo.jpg","width":250,"height":250,"caption":"Meleg Baits"},"image":{"@id":"https:\/\/melegbait.ba\/#\/schema\/logo\/image\/"},"sameAs":["https:\/\/www.facebook.com\/MelegBait"]}]}},"_links":{"self":[{"href":"https:\/\/melegbait.ba\/en\/wp-json\/wp\/v2\/product\/31539","targetHints":{"allow":["GET"]}}],"collection":[{"href":"https:\/\/melegbait.ba\/en\/wp-json\/wp\/v2\/product"}],"about":[{"href":"https:\/\/melegbait.ba\/en\/wp-json\/wp\/v2\/types\/product"}],"replies":[{"embeddable":true,"href":"https:\/\/melegbait.ba\/en\/wp-json\/wp\/v2\/comments?post=31539"}],"wp:featuredmedia":[{"embeddable":true,"href":"https:\/\/melegbait.ba\/en\/wp-json\/wp\/v2\/media\/31540"}],"wp:attachment":[{"href":"https:\/\/melegbait.ba\/en\/wp-json\/wp\/v2\/media?parent=31539"}],"wp:term":[{"taxonomy":"product_brand","embeddable":true,"href":"https:\/\/melegbait.ba\/en\/wp-json\/wp\/v2\/product_brand?post=31539"},{"taxonomy":"product_cat","embeddable":true,"href":"https:\/\/melegbait.ba\/en\/wp-json\/wp\/v2\/product_cat?post=31539"},{"taxonomy":"product_tag","embeddable":true,"href":"https:\/\/melegbait.ba\/en\/wp-json\/wp\/v2\/product_tag?post=31539"}],"curies":[{"name":"wp","href":"https:\/\/api.w.org\/{rel}","templated":true}]}}