{"id":31472,"date":"2021-01-22T20:02:15","date_gmt":"2021-01-22T19:02:15","guid":{"rendered":"https:\/\/melegbait.com\/?post_type=product&#038;p=31472"},"modified":"2024-02-09T22:12:08","modified_gmt":"2024-02-09T21:12:08","slug":"competition-liquid-f1","status":"publish","type":"product","link":"https:\/\/melegbait.ba\/en\/product\/competition-liquid-f1\/","title":{"rendered":"Competition Liquid F1"},"content":{"rendered":"<p>Competition Liquid was created at the request of the fishermen competitor. It is a cocktail of\nliquids, perfectly balanced ingredients. The package is 100ml and contains: Attract Natural,\nMulti Amino, sweetener, Betain HCl, palatant and flavor. One Competition Liquid package is\nenough for 2kg mix (50ml per 1kg mix) if you use one of the Meleg Baits boili mixes. In\nthe case of a basic home mix, we recommend a dose of 80-90ml per kilogram and the residue\nto be left for dip. Packaging 100ml.<br \/>\nM1-Spicy, J1-strawberry, F1-plum shellfish, F2-strawberry fish, Q1-octopus squid, R1-frankfurt sausage, T1-tutti frutti<\/p>","protected":false},"excerpt":{"rendered":"<p>Competition Liquid je stvoren kako bi se ispunili zahtevi ribolovaca takmi\u010dara. U pitanju je koktel te\u010dnosti, savr\u0161eno izbalansiranih sastojaka, sa kojom ribolovici ne mogu pogre\u0161iti. Pakovanje je od 100ml, a u sebi sadr\u017ei: Attract Natural, Multi Amino, zasla\u0111iva\u010d (Sweetener), Betain HCl, palatant i aromu (Flavour). Dakle, sve ono \u0161to je potrebno da ne biste ni\u0161ta [&hellip;]<\/p>","protected":false},"featured_media":31460,"comment_status":"open","ping_status":"closed","template":"","meta":{"_et_pb_use_builder":"","_et_pb_old_content":"","_et_gb_content_width":""},"product_brand":[],"product_cat":[31,39,57],"product_tag":[],"class_list":{"0":"post-31472","1":"product","2":"type-product","3":"status-publish","4":"has-post-thumbnail","6":"product_cat-carp","7":"product_cat-likvidi","8":"product_cat-competition-liquid","10":"first","11":"instock","12":"taxable","13":"shipping-taxable","14":"purchasable","15":"product-type-simple"},"yoast_head":"<!-- This site is optimized with the Yoast SEO plugin v26.7 - https:\/\/yoast.com\/wordpress\/plugins\/seo\/ -->\n<title>Competition Liquid F1 - Meleg bait BiH<\/title>\n<meta name=\"robots\" content=\"index, follow, max-snippet:-1, max-image-preview:large, max-video-preview:-1\" \/>\n<link rel=\"canonical\" href=\"https:\/\/melegbait.ba\/en\/product\/competition-liquid-f1\/\" \/>\n<meta property=\"og:locale\" content=\"en_GB\" \/>\n<meta property=\"og:type\" content=\"article\" \/>\n<meta property=\"og:title\" content=\"Competition Liquid F1 - Meleg bait BiH\" \/>\n<meta property=\"og:description\" content=\"Competition Liquid je stvoren kako bi se ispunili zahtevi ribolovaca takmi\u010dara. U pitanju je koktel te\u010dnosti, savr\u0161eno izbalansiranih sastojaka, sa kojom ribolovici ne mogu pogre\u0161iti. Pakovanje je od 100ml, a u sebi sadr\u017ei: Attract Natural, Multi Amino, zasla\u0111iva\u010d (Sweetener), Betain HCl, palatant i aromu (Flavour). Dakle, sve ono \u0161to je potrebno da ne biste ni\u0161ta [&hellip;]\" \/>\n<meta property=\"og:url\" content=\"https:\/\/melegbait.ba\/en\/product\/competition-liquid-f1\/\" \/>\n<meta property=\"og:site_name\" content=\"Meleg bait BiH\" \/>\n<meta property=\"article:publisher\" content=\"https:\/\/www.facebook.com\/MelegBait\" \/>\n<meta property=\"article:modified_time\" content=\"2024-02-09T21:12:08+00:00\" \/>\n<meta property=\"og:image\" content=\"https:\/\/melegbait.ba\/wp-content\/uploads\/2021\/01\/competition-liquid-f1.jpg\" \/>\n\t<meta property=\"og:image:width\" content=\"600\" \/>\n\t<meta property=\"og:image:height\" content=\"763\" \/>\n\t<meta property=\"og:image:type\" content=\"image\/jpeg\" \/>\n<meta name=\"twitter:card\" content=\"summary_large_image\" \/>\n<meta name=\"twitter:label1\" content=\"Estimated reading time\" \/>\n\t<meta name=\"twitter:data1\" content=\"1 minute\" \/>\n<script type=\"application\/ld+json\" class=\"yoast-schema-graph\">{\"@context\":\"https:\/\/schema.org\",\"@graph\":[{\"@type\":\"WebPage\",\"@id\":\"https:\/\/melegbait.ba\/product\/competition-liquid-f1\/\",\"url\":\"https:\/\/melegbait.ba\/product\/competition-liquid-f1\/\",\"name\":\"Competition Liquid F1 - Meleg bait BiH\",\"isPartOf\":{\"@id\":\"https:\/\/melegbait.ba\/#website\"},\"primaryImageOfPage\":{\"@id\":\"https:\/\/melegbait.ba\/product\/competition-liquid-f1\/#primaryimage\"},\"image\":{\"@id\":\"https:\/\/melegbait.ba\/product\/competition-liquid-f1\/#primaryimage\"},\"thumbnailUrl\":\"https:\/\/melegbait.ba\/wp-content\/uploads\/2021\/01\/competition-liquid-f1.jpg\",\"datePublished\":\"2021-01-22T19:02:15+00:00\",\"dateModified\":\"2024-02-09T21:12:08+00:00\",\"breadcrumb\":{\"@id\":\"https:\/\/melegbait.ba\/product\/competition-liquid-f1\/#breadcrumb\"},\"inLanguage\":\"en-GB\",\"potentialAction\":[{\"@type\":\"ReadAction\",\"target\":[\"https:\/\/melegbait.ba\/product\/competition-liquid-f1\/\"]}]},{\"@type\":\"ImageObject\",\"inLanguage\":\"en-GB\",\"@id\":\"https:\/\/melegbait.ba\/product\/competition-liquid-f1\/#primaryimage\",\"url\":\"https:\/\/melegbait.ba\/wp-content\/uploads\/2021\/01\/competition-liquid-f1.jpg\",\"contentUrl\":\"https:\/\/melegbait.ba\/wp-content\/uploads\/2021\/01\/competition-liquid-f1.jpg\",\"width\":600,\"height\":763},{\"@type\":\"BreadcrumbList\",\"@id\":\"https:\/\/melegbait.ba\/product\/competition-liquid-f1\/#breadcrumb\",\"itemListElement\":[{\"@type\":\"ListItem\",\"position\":1,\"name\":\"Home\",\"item\":\"https:\/\/melegbait.ba\/\"},{\"@type\":\"ListItem\",\"position\":2,\"name\":\"Shop\",\"item\":\"https:\/\/melegbait.ba\/shop\/\"},{\"@type\":\"ListItem\",\"position\":3,\"name\":\"Competition Liquid F1\"}]},{\"@type\":\"WebSite\",\"@id\":\"https:\/\/melegbait.ba\/#website\",\"url\":\"https:\/\/melegbait.ba\/\",\"name\":\"Meleg bait\",\"description\":\"Prodaja Feeder i \u0160aranskh komponenti i mamaca\",\"publisher\":{\"@id\":\"https:\/\/melegbait.ba\/#organization\"},\"potentialAction\":[{\"@type\":\"SearchAction\",\"target\":{\"@type\":\"EntryPoint\",\"urlTemplate\":\"https:\/\/melegbait.ba\/?s={search_term_string}\"},\"query-input\":{\"@type\":\"PropertyValueSpecification\",\"valueRequired\":true,\"valueName\":\"search_term_string\"}}],\"inLanguage\":\"en-GB\"},{\"@type\":\"Organization\",\"@id\":\"https:\/\/melegbait.ba\/#organization\",\"name\":\"Meleg Baits\",\"url\":\"https:\/\/melegbait.ba\/\",\"logo\":{\"@type\":\"ImageObject\",\"inLanguage\":\"en-GB\",\"@id\":\"https:\/\/melegbait.ba\/#\/schema\/logo\/image\/\",\"url\":\"https:\/\/melegbait.ba\/wp-content\/uploads\/2021\/02\/mblogo.jpg\",\"contentUrl\":\"https:\/\/melegbait.ba\/wp-content\/uploads\/2021\/02\/mblogo.jpg\",\"width\":250,\"height\":250,\"caption\":\"Meleg Baits\"},\"image\":{\"@id\":\"https:\/\/melegbait.ba\/#\/schema\/logo\/image\/\"},\"sameAs\":[\"https:\/\/www.facebook.com\/MelegBait\"]}]}<\/script>\n<!-- \/ Yoast SEO plugin. -->","yoast_head_json":{"title":"Competition Liquid F1 - Meleg bait BiH","robots":{"index":"index","follow":"follow","max-snippet":"max-snippet:-1","max-image-preview":"max-image-preview:large","max-video-preview":"max-video-preview:-1"},"canonical":"https:\/\/melegbait.ba\/en\/product\/competition-liquid-f1\/","og_locale":"en_GB","og_type":"article","og_title":"Competition Liquid F1 - Meleg bait BiH","og_description":"Competition Liquid je stvoren kako bi se ispunili zahtevi ribolovaca takmi\u010dara. U pitanju je koktel te\u010dnosti, savr\u0161eno izbalansiranih sastojaka, sa kojom ribolovici ne mogu pogre\u0161iti. Pakovanje je od 100ml, a u sebi sadr\u017ei: Attract Natural, Multi Amino, zasla\u0111iva\u010d (Sweetener), Betain HCl, palatant i aromu (Flavour). Dakle, sve ono \u0161to je potrebno da ne biste ni\u0161ta [&hellip;]","og_url":"https:\/\/melegbait.ba\/en\/product\/competition-liquid-f1\/","og_site_name":"Meleg bait BiH","article_publisher":"https:\/\/www.facebook.com\/MelegBait","article_modified_time":"2024-02-09T21:12:08+00:00","og_image":[{"width":600,"height":763,"url":"https:\/\/melegbait.ba\/wp-content\/uploads\/2021\/01\/competition-liquid-f1.jpg","type":"image\/jpeg"}],"twitter_card":"summary_large_image","twitter_misc":{"Estimated reading time":"1 minute"},"schema":{"@context":"https:\/\/schema.org","@graph":[{"@type":"WebPage","@id":"https:\/\/melegbait.ba\/product\/competition-liquid-f1\/","url":"https:\/\/melegbait.ba\/product\/competition-liquid-f1\/","name":"Competition Liquid F1 - Meleg bait BiH","isPartOf":{"@id":"https:\/\/melegbait.ba\/#website"},"primaryImageOfPage":{"@id":"https:\/\/melegbait.ba\/product\/competition-liquid-f1\/#primaryimage"},"image":{"@id":"https:\/\/melegbait.ba\/product\/competition-liquid-f1\/#primaryimage"},"thumbnailUrl":"https:\/\/melegbait.ba\/wp-content\/uploads\/2021\/01\/competition-liquid-f1.jpg","datePublished":"2021-01-22T19:02:15+00:00","dateModified":"2024-02-09T21:12:08+00:00","breadcrumb":{"@id":"https:\/\/melegbait.ba\/product\/competition-liquid-f1\/#breadcrumb"},"inLanguage":"en-GB","potentialAction":[{"@type":"ReadAction","target":["https:\/\/melegbait.ba\/product\/competition-liquid-f1\/"]}]},{"@type":"ImageObject","inLanguage":"en-GB","@id":"https:\/\/melegbait.ba\/product\/competition-liquid-f1\/#primaryimage","url":"https:\/\/melegbait.ba\/wp-content\/uploads\/2021\/01\/competition-liquid-f1.jpg","contentUrl":"https:\/\/melegbait.ba\/wp-content\/uploads\/2021\/01\/competition-liquid-f1.jpg","width":600,"height":763},{"@type":"BreadcrumbList","@id":"https:\/\/melegbait.ba\/product\/competition-liquid-f1\/#breadcrumb","itemListElement":[{"@type":"ListItem","position":1,"name":"Home","item":"https:\/\/melegbait.ba\/"},{"@type":"ListItem","position":2,"name":"Shop","item":"https:\/\/melegbait.ba\/shop\/"},{"@type":"ListItem","position":3,"name":"Competition Liquid F1"}]},{"@type":"WebSite","@id":"https:\/\/melegbait.ba\/#website","url":"https:\/\/melegbait.ba\/","name":"Meleg bait","description":"Prodaja Feeder i \u0160aranskh komponenti i mamaca","publisher":{"@id":"https:\/\/melegbait.ba\/#organization"},"potentialAction":[{"@type":"SearchAction","target":{"@type":"EntryPoint","urlTemplate":"https:\/\/melegbait.ba\/?s={search_term_string}"},"query-input":{"@type":"PropertyValueSpecification","valueRequired":true,"valueName":"search_term_string"}}],"inLanguage":"en-GB"},{"@type":"Organization","@id":"https:\/\/melegbait.ba\/#organization","name":"Meleg Baits","url":"https:\/\/melegbait.ba\/","logo":{"@type":"ImageObject","inLanguage":"en-GB","@id":"https:\/\/melegbait.ba\/#\/schema\/logo\/image\/","url":"https:\/\/melegbait.ba\/wp-content\/uploads\/2021\/02\/mblogo.jpg","contentUrl":"https:\/\/melegbait.ba\/wp-content\/uploads\/2021\/02\/mblogo.jpg","width":250,"height":250,"caption":"Meleg Baits"},"image":{"@id":"https:\/\/melegbait.ba\/#\/schema\/logo\/image\/"},"sameAs":["https:\/\/www.facebook.com\/MelegBait"]}]}},"_links":{"self":[{"href":"https:\/\/melegbait.ba\/en\/wp-json\/wp\/v2\/product\/31472","targetHints":{"allow":["GET"]}}],"collection":[{"href":"https:\/\/melegbait.ba\/en\/wp-json\/wp\/v2\/product"}],"about":[{"href":"https:\/\/melegbait.ba\/en\/wp-json\/wp\/v2\/types\/product"}],"replies":[{"embeddable":true,"href":"https:\/\/melegbait.ba\/en\/wp-json\/wp\/v2\/comments?post=31472"}],"wp:featuredmedia":[{"embeddable":true,"href":"https:\/\/melegbait.ba\/en\/wp-json\/wp\/v2\/media\/31460"}],"wp:attachment":[{"href":"https:\/\/melegbait.ba\/en\/wp-json\/wp\/v2\/media?parent=31472"}],"wp:term":[{"taxonomy":"product_brand","embeddable":true,"href":"https:\/\/melegbait.ba\/en\/wp-json\/wp\/v2\/product_brand?post=31472"},{"taxonomy":"product_cat","embeddable":true,"href":"https:\/\/melegbait.ba\/en\/wp-json\/wp\/v2\/product_cat?post=31472"},{"taxonomy":"product_tag","embeddable":true,"href":"https:\/\/melegbait.ba\/en\/wp-json\/wp\/v2\/product_tag?post=31472"}],"curies":[{"name":"wp","href":"https:\/\/api.w.org\/{rel}","templated":true}]}}