{"id":30920,"date":"2020-11-23T13:35:50","date_gmt":"2020-11-23T13:35:50","guid":{"rendered":"https:\/\/melegbait.com\/?post_type=product&#038;p=30920"},"modified":"2026-01-16T13:58:11","modified_gmt":"2026-01-16T12:58:11","slug":"trigger-drops-cranberry-squid","status":"publish","type":"product","link":"https:\/\/melegbait.ba\/en\/product\/trigger-drops-cranberry-squid\/","title":{"rendered":"Trigger Drops &#8211; Cranberry Squid"},"content":{"rendered":"<p>The combination of attract with Tallinn sweetener with a natural hunger inducer and the famous aroma of Meleg Baits. We regulated the thickness of the dip with milk proteins with special smoke effects. The higher density of this dip allows just a few drops to go to a depth of 7 m without being washed away. Used for coating boilers, in combination with pva bags and for particles. We produce them in flavors: M1, Banana, Pineapple, Tutti Frutti Special, Zebra Mussel, Frankfurt Sausage, Strawberry Jam, Plum Shellfish, Octopus Squid, White Chocolate, Wild Rose, Garlic, Cheeser, Strawberry Lotus, Strawberry fish, Vanilla, Monster Crab , Baka, BS-(yellow fruit cocktail), Cranberry squid, Cheeser, Peach Melba, Mulberry, Tiger Nut, Mexican honey...<\/p>","protected":false},"excerpt":{"rendered":"<p>Kombinacija attracta sa talinskim zasla\u0111iva\u010dem uz prirodni izaziva\u010d gladi i poznate arome Meleg Baits-a. Gustinu dipa smo regulisali sa mle\u010dnim proteinima uz specijalne efekte dima. Ve\u0107a gustina ovog dipa omogu\u0107ava da svega par kapi istog ode i na 7 m dubine, a da se ne spere. Koristi za premazivanje boila, u kombinaciji sa pva kesicama [&hellip;]<\/p>","protected":false},"featured_media":30828,"comment_status":"open","ping_status":"closed","template":"","meta":{"_et_pb_use_builder":"","_et_pb_old_content":"","_et_gb_content_width":""},"product_brand":[],"product_cat":[47,53],"product_tag":[],"class_list":{"0":"post-30920","1":"product","2":"type-product","3":"status-publish","4":"has-post-thumbnail","6":"product_cat-feeder-i-match","7":"product_cat-trigger-drops","9":"first","10":"instock","11":"taxable","12":"shipping-taxable","13":"purchasable","14":"product-type-simple"},"yoast_head":"<!-- This site is optimized with the Yoast SEO plugin v26.7 - https:\/\/yoast.com\/wordpress\/plugins\/seo\/ -->\n<title>Trigger Drops - Cranberry Squid - Meleg bait BiH<\/title>\n<meta name=\"robots\" content=\"index, follow, max-snippet:-1, max-image-preview:large, max-video-preview:-1\" \/>\n<link rel=\"canonical\" href=\"https:\/\/melegbait.ba\/en\/product\/trigger-drops-cranberry-squid\/\" \/>\n<meta property=\"og:locale\" content=\"en_GB\" \/>\n<meta property=\"og:type\" content=\"article\" \/>\n<meta property=\"og:title\" content=\"Trigger Drops - Cranberry Squid - Meleg bait BiH\" \/>\n<meta property=\"og:description\" content=\"Kombinacija attracta sa talinskim zasla\u0111iva\u010dem uz prirodni izaziva\u010d gladi i poznate arome Meleg Baits-a. Gustinu dipa smo regulisali sa mle\u010dnim proteinima uz specijalne efekte dima. Ve\u0107a gustina ovog dipa omogu\u0107ava da svega par kapi istog ode i na 7 m dubine, a da se ne spere. Koristi za premazivanje boila, u kombinaciji sa pva kesicama [&hellip;]\" \/>\n<meta property=\"og:url\" content=\"https:\/\/melegbait.ba\/en\/product\/trigger-drops-cranberry-squid\/\" \/>\n<meta property=\"og:site_name\" content=\"Meleg bait BiH\" \/>\n<meta property=\"article:publisher\" content=\"https:\/\/www.facebook.com\/MelegBait\" \/>\n<meta property=\"article:modified_time\" content=\"2026-01-16T12:58:11+00:00\" \/>\n<meta property=\"og:image\" content=\"https:\/\/melegbait.ba\/wp-content\/uploads\/2020\/11\/trigger-drops-cranberry-squid.jpg\" \/>\n\t<meta property=\"og:image:width\" content=\"600\" \/>\n\t<meta property=\"og:image:height\" content=\"800\" \/>\n\t<meta property=\"og:image:type\" content=\"image\/jpeg\" \/>\n<meta name=\"twitter:card\" content=\"summary_large_image\" \/>\n<meta name=\"twitter:label1\" content=\"Estimated reading time\" \/>\n\t<meta name=\"twitter:data1\" content=\"1 minute\" \/>\n<script type=\"application\/ld+json\" class=\"yoast-schema-graph\">{\"@context\":\"https:\/\/schema.org\",\"@graph\":[{\"@type\":\"WebPage\",\"@id\":\"https:\/\/melegbait.ba\/product\/trigger-drops-cranberry-squid\/\",\"url\":\"https:\/\/melegbait.ba\/product\/trigger-drops-cranberry-squid\/\",\"name\":\"Trigger Drops - Cranberry Squid - Meleg bait BiH\",\"isPartOf\":{\"@id\":\"https:\/\/melegbait.ba\/#website\"},\"primaryImageOfPage\":{\"@id\":\"https:\/\/melegbait.ba\/product\/trigger-drops-cranberry-squid\/#primaryimage\"},\"image\":{\"@id\":\"https:\/\/melegbait.ba\/product\/trigger-drops-cranberry-squid\/#primaryimage\"},\"thumbnailUrl\":\"https:\/\/melegbait.ba\/wp-content\/uploads\/2020\/11\/trigger-drops-cranberry-squid.jpg\",\"datePublished\":\"2020-11-23T13:35:50+00:00\",\"dateModified\":\"2026-01-16T12:58:11+00:00\",\"breadcrumb\":{\"@id\":\"https:\/\/melegbait.ba\/product\/trigger-drops-cranberry-squid\/#breadcrumb\"},\"inLanguage\":\"en-GB\",\"potentialAction\":[{\"@type\":\"ReadAction\",\"target\":[\"https:\/\/melegbait.ba\/product\/trigger-drops-cranberry-squid\/\"]}]},{\"@type\":\"ImageObject\",\"inLanguage\":\"en-GB\",\"@id\":\"https:\/\/melegbait.ba\/product\/trigger-drops-cranberry-squid\/#primaryimage\",\"url\":\"https:\/\/melegbait.ba\/wp-content\/uploads\/2020\/11\/trigger-drops-cranberry-squid.jpg\",\"contentUrl\":\"https:\/\/melegbait.ba\/wp-content\/uploads\/2020\/11\/trigger-drops-cranberry-squid.jpg\",\"width\":600,\"height\":800},{\"@type\":\"BreadcrumbList\",\"@id\":\"https:\/\/melegbait.ba\/product\/trigger-drops-cranberry-squid\/#breadcrumb\",\"itemListElement\":[{\"@type\":\"ListItem\",\"position\":1,\"name\":\"Home\",\"item\":\"https:\/\/melegbait.ba\/\"},{\"@type\":\"ListItem\",\"position\":2,\"name\":\"Shop\",\"item\":\"https:\/\/melegbait.ba\/shop\/\"},{\"@type\":\"ListItem\",\"position\":3,\"name\":\"Trigger Drops &#8211; Cranberry Squid\"}]},{\"@type\":\"WebSite\",\"@id\":\"https:\/\/melegbait.ba\/#website\",\"url\":\"https:\/\/melegbait.ba\/\",\"name\":\"Meleg bait\",\"description\":\"Prodaja Feeder i \u0160aranskh komponenti i mamaca\",\"publisher\":{\"@id\":\"https:\/\/melegbait.ba\/#organization\"},\"potentialAction\":[{\"@type\":\"SearchAction\",\"target\":{\"@type\":\"EntryPoint\",\"urlTemplate\":\"https:\/\/melegbait.ba\/?s={search_term_string}\"},\"query-input\":{\"@type\":\"PropertyValueSpecification\",\"valueRequired\":true,\"valueName\":\"search_term_string\"}}],\"inLanguage\":\"en-GB\"},{\"@type\":\"Organization\",\"@id\":\"https:\/\/melegbait.ba\/#organization\",\"name\":\"Meleg Baits\",\"url\":\"https:\/\/melegbait.ba\/\",\"logo\":{\"@type\":\"ImageObject\",\"inLanguage\":\"en-GB\",\"@id\":\"https:\/\/melegbait.ba\/#\/schema\/logo\/image\/\",\"url\":\"https:\/\/melegbait.ba\/wp-content\/uploads\/2021\/02\/mblogo.jpg\",\"contentUrl\":\"https:\/\/melegbait.ba\/wp-content\/uploads\/2021\/02\/mblogo.jpg\",\"width\":250,\"height\":250,\"caption\":\"Meleg Baits\"},\"image\":{\"@id\":\"https:\/\/melegbait.ba\/#\/schema\/logo\/image\/\"},\"sameAs\":[\"https:\/\/www.facebook.com\/MelegBait\"]}]}<\/script>\n<!-- \/ Yoast SEO plugin. -->","yoast_head_json":{"title":"Trigger Drops - Cranberry Squid - Meleg bait BiH","robots":{"index":"index","follow":"follow","max-snippet":"max-snippet:-1","max-image-preview":"max-image-preview:large","max-video-preview":"max-video-preview:-1"},"canonical":"https:\/\/melegbait.ba\/en\/product\/trigger-drops-cranberry-squid\/","og_locale":"en_GB","og_type":"article","og_title":"Trigger Drops - Cranberry Squid - Meleg bait BiH","og_description":"Kombinacija attracta sa talinskim zasla\u0111iva\u010dem uz prirodni izaziva\u010d gladi i poznate arome Meleg Baits-a. Gustinu dipa smo regulisali sa mle\u010dnim proteinima uz specijalne efekte dima. Ve\u0107a gustina ovog dipa omogu\u0107ava da svega par kapi istog ode i na 7 m dubine, a da se ne spere. Koristi za premazivanje boila, u kombinaciji sa pva kesicama [&hellip;]","og_url":"https:\/\/melegbait.ba\/en\/product\/trigger-drops-cranberry-squid\/","og_site_name":"Meleg bait BiH","article_publisher":"https:\/\/www.facebook.com\/MelegBait","article_modified_time":"2026-01-16T12:58:11+00:00","og_image":[{"width":600,"height":800,"url":"https:\/\/melegbait.ba\/wp-content\/uploads\/2020\/11\/trigger-drops-cranberry-squid.jpg","type":"image\/jpeg"}],"twitter_card":"summary_large_image","twitter_misc":{"Estimated reading time":"1 minute"},"schema":{"@context":"https:\/\/schema.org","@graph":[{"@type":"WebPage","@id":"https:\/\/melegbait.ba\/product\/trigger-drops-cranberry-squid\/","url":"https:\/\/melegbait.ba\/product\/trigger-drops-cranberry-squid\/","name":"Trigger Drops - Cranberry Squid - Meleg bait BiH","isPartOf":{"@id":"https:\/\/melegbait.ba\/#website"},"primaryImageOfPage":{"@id":"https:\/\/melegbait.ba\/product\/trigger-drops-cranberry-squid\/#primaryimage"},"image":{"@id":"https:\/\/melegbait.ba\/product\/trigger-drops-cranberry-squid\/#primaryimage"},"thumbnailUrl":"https:\/\/melegbait.ba\/wp-content\/uploads\/2020\/11\/trigger-drops-cranberry-squid.jpg","datePublished":"2020-11-23T13:35:50+00:00","dateModified":"2026-01-16T12:58:11+00:00","breadcrumb":{"@id":"https:\/\/melegbait.ba\/product\/trigger-drops-cranberry-squid\/#breadcrumb"},"inLanguage":"en-GB","potentialAction":[{"@type":"ReadAction","target":["https:\/\/melegbait.ba\/product\/trigger-drops-cranberry-squid\/"]}]},{"@type":"ImageObject","inLanguage":"en-GB","@id":"https:\/\/melegbait.ba\/product\/trigger-drops-cranberry-squid\/#primaryimage","url":"https:\/\/melegbait.ba\/wp-content\/uploads\/2020\/11\/trigger-drops-cranberry-squid.jpg","contentUrl":"https:\/\/melegbait.ba\/wp-content\/uploads\/2020\/11\/trigger-drops-cranberry-squid.jpg","width":600,"height":800},{"@type":"BreadcrumbList","@id":"https:\/\/melegbait.ba\/product\/trigger-drops-cranberry-squid\/#breadcrumb","itemListElement":[{"@type":"ListItem","position":1,"name":"Home","item":"https:\/\/melegbait.ba\/"},{"@type":"ListItem","position":2,"name":"Shop","item":"https:\/\/melegbait.ba\/shop\/"},{"@type":"ListItem","position":3,"name":"Trigger Drops &#8211; Cranberry Squid"}]},{"@type":"WebSite","@id":"https:\/\/melegbait.ba\/#website","url":"https:\/\/melegbait.ba\/","name":"Meleg bait","description":"Prodaja Feeder i \u0160aranskh komponenti i mamaca","publisher":{"@id":"https:\/\/melegbait.ba\/#organization"},"potentialAction":[{"@type":"SearchAction","target":{"@type":"EntryPoint","urlTemplate":"https:\/\/melegbait.ba\/?s={search_term_string}"},"query-input":{"@type":"PropertyValueSpecification","valueRequired":true,"valueName":"search_term_string"}}],"inLanguage":"en-GB"},{"@type":"Organization","@id":"https:\/\/melegbait.ba\/#organization","name":"Meleg Baits","url":"https:\/\/melegbait.ba\/","logo":{"@type":"ImageObject","inLanguage":"en-GB","@id":"https:\/\/melegbait.ba\/#\/schema\/logo\/image\/","url":"https:\/\/melegbait.ba\/wp-content\/uploads\/2021\/02\/mblogo.jpg","contentUrl":"https:\/\/melegbait.ba\/wp-content\/uploads\/2021\/02\/mblogo.jpg","width":250,"height":250,"caption":"Meleg Baits"},"image":{"@id":"https:\/\/melegbait.ba\/#\/schema\/logo\/image\/"},"sameAs":["https:\/\/www.facebook.com\/MelegBait"]}]}},"_links":{"self":[{"href":"https:\/\/melegbait.ba\/en\/wp-json\/wp\/v2\/product\/30920","targetHints":{"allow":["GET"]}}],"collection":[{"href":"https:\/\/melegbait.ba\/en\/wp-json\/wp\/v2\/product"}],"about":[{"href":"https:\/\/melegbait.ba\/en\/wp-json\/wp\/v2\/types\/product"}],"replies":[{"embeddable":true,"href":"https:\/\/melegbait.ba\/en\/wp-json\/wp\/v2\/comments?post=30920"}],"wp:featuredmedia":[{"embeddable":true,"href":"https:\/\/melegbait.ba\/en\/wp-json\/wp\/v2\/media\/30828"}],"wp:attachment":[{"href":"https:\/\/melegbait.ba\/en\/wp-json\/wp\/v2\/media?parent=30920"}],"wp:term":[{"taxonomy":"product_brand","embeddable":true,"href":"https:\/\/melegbait.ba\/en\/wp-json\/wp\/v2\/product_brand?post=30920"},{"taxonomy":"product_cat","embeddable":true,"href":"https:\/\/melegbait.ba\/en\/wp-json\/wp\/v2\/product_cat?post=30920"},{"taxonomy":"product_tag","embeddable":true,"href":"https:\/\/melegbait.ba\/en\/wp-json\/wp\/v2\/product_tag?post=30920"}],"curies":[{"name":"wp","href":"https:\/\/api.w.org\/{rel}","templated":true}]}}