{"id":30893,"date":"2020-11-23T13:09:08","date_gmt":"2020-11-23T12:09:08","guid":{"rendered":"https:\/\/melegbait.com\/?post_type=product&#038;p=30893"},"modified":"2024-02-09T22:26:32","modified_gmt":"2024-02-09T21:26:32","slug":"catcher-liquid-strawberry-lotus","status":"publish","type":"product","link":"https:\/\/melegbait.ba\/en\/product\/catcher-liquid-strawberry-lotus\/","title":{"rendered":"Catcher Liquid &#8211; Strawberry Lotus"},"content":{"rendered":"<p>Catcher Liquid is a universal mix of liquids that carries all the necessary ingredients for making boilie.\nAttractors, feeding stimulant, flavor enhancers, a mixture of amino acids, betaine, aroma... everything is\nthere. If you have a boilie mix, just add Catcher liquid and eggs. It can be used with Catcher Boilie Mix or\nany other mix that you have made. Just like Catcher Boilie Mix, different aromas can be mixed in\ndifferent ratio in order to get new original flavors, and so they are boiling. Due to the composition,\nCathcer Liquid can also be used in the spod mixes, to soak the particles, then as an addition to the\nground baits in the match and feeder technique.<\/p>","protected":false},"excerpt":{"rendered":"<p>Catcher Liquid je univerzalan miks te\u010dnosti koji u sebi nosi sve neophodne sastojke za izradu boila. Atraktori, izaziva\u010di gladi, poja\u010diva\u010di ukusa, miks amino kiselina, betain, aroma&#8230; sve je tu. Ako imate spreman boili miks, samo treba dodati Catcher liquid i jaja. Mo\u017ee se koristiti sa Catcher Boilie Mix-evim ili bilo kojim drugim miksom koji ste [&hellip;]<\/p>","protected":false},"featured_media":30769,"comment_status":"open","ping_status":"closed","template":"","meta":{"_et_pb_use_builder":"","_et_pb_old_content":"","_et_gb_content_width":""},"product_brand":[],"product_cat":[31,39,58],"product_tag":[],"class_list":{"0":"post-30893","1":"product","2":"type-product","3":"status-publish","4":"has-post-thumbnail","6":"product_cat-carp","7":"product_cat-likvidi","8":"product_cat-catcher-liquid","10":"first","11":"instock","12":"taxable","13":"shipping-taxable","14":"purchasable","15":"product-type-simple"},"yoast_head":"<!-- This site is optimized with the Yoast SEO plugin v26.7 - https:\/\/yoast.com\/wordpress\/plugins\/seo\/ -->\n<title>Catcher Liquid - Strawberry Lotus - Meleg bait BiH<\/title>\n<meta name=\"robots\" content=\"index, follow, max-snippet:-1, max-image-preview:large, max-video-preview:-1\" \/>\n<link rel=\"canonical\" href=\"https:\/\/melegbait.ba\/en\/product\/catcher-liquid-strawberry-lotus\/\" \/>\n<meta property=\"og:locale\" content=\"en_GB\" \/>\n<meta property=\"og:type\" content=\"article\" \/>\n<meta property=\"og:title\" content=\"Catcher Liquid - Strawberry Lotus - Meleg bait BiH\" \/>\n<meta property=\"og:description\" content=\"Catcher Liquid je univerzalan miks te\u010dnosti koji u sebi nosi sve neophodne sastojke za izradu boila. Atraktori, izaziva\u010di gladi, poja\u010diva\u010di ukusa, miks amino kiselina, betain, aroma&#8230; sve je tu. Ako imate spreman boili miks, samo treba dodati Catcher liquid i jaja. Mo\u017ee se koristiti sa Catcher Boilie Mix-evim ili bilo kojim drugim miksom koji ste [&hellip;]\" \/>\n<meta property=\"og:url\" content=\"https:\/\/melegbait.ba\/en\/product\/catcher-liquid-strawberry-lotus\/\" \/>\n<meta property=\"og:site_name\" content=\"Meleg bait BiH\" \/>\n<meta property=\"article:publisher\" content=\"https:\/\/www.facebook.com\/MelegBait\" \/>\n<meta property=\"article:modified_time\" content=\"2024-02-09T21:26:32+00:00\" \/>\n<meta property=\"og:image\" content=\"https:\/\/melegbait.ba\/wp-content\/uploads\/2020\/11\/catcher-liquid-strawberry-lotus.jpg\" \/>\n\t<meta property=\"og:image:width\" content=\"600\" \/>\n\t<meta property=\"og:image:height\" content=\"800\" \/>\n\t<meta property=\"og:image:type\" content=\"image\/jpeg\" \/>\n<meta name=\"twitter:card\" content=\"summary_large_image\" \/>\n<meta name=\"twitter:label1\" content=\"Estimated reading time\" \/>\n\t<meta name=\"twitter:data1\" content=\"1 minute\" \/>\n<script type=\"application\/ld+json\" class=\"yoast-schema-graph\">{\"@context\":\"https:\/\/schema.org\",\"@graph\":[{\"@type\":\"WebPage\",\"@id\":\"https:\/\/melegbait.ba\/product\/catcher-liquid-strawberry-lotus\/\",\"url\":\"https:\/\/melegbait.ba\/product\/catcher-liquid-strawberry-lotus\/\",\"name\":\"Catcher Liquid - Strawberry Lotus - Meleg bait BiH\",\"isPartOf\":{\"@id\":\"https:\/\/melegbait.ba\/#website\"},\"primaryImageOfPage\":{\"@id\":\"https:\/\/melegbait.ba\/product\/catcher-liquid-strawberry-lotus\/#primaryimage\"},\"image\":{\"@id\":\"https:\/\/melegbait.ba\/product\/catcher-liquid-strawberry-lotus\/#primaryimage\"},\"thumbnailUrl\":\"https:\/\/melegbait.ba\/wp-content\/uploads\/2020\/11\/catcher-liquid-strawberry-lotus.jpg\",\"datePublished\":\"2020-11-23T12:09:08+00:00\",\"dateModified\":\"2024-02-09T21:26:32+00:00\",\"breadcrumb\":{\"@id\":\"https:\/\/melegbait.ba\/product\/catcher-liquid-strawberry-lotus\/#breadcrumb\"},\"inLanguage\":\"en-GB\",\"potentialAction\":[{\"@type\":\"ReadAction\",\"target\":[\"https:\/\/melegbait.ba\/product\/catcher-liquid-strawberry-lotus\/\"]}]},{\"@type\":\"ImageObject\",\"inLanguage\":\"en-GB\",\"@id\":\"https:\/\/melegbait.ba\/product\/catcher-liquid-strawberry-lotus\/#primaryimage\",\"url\":\"https:\/\/melegbait.ba\/wp-content\/uploads\/2020\/11\/catcher-liquid-strawberry-lotus.jpg\",\"contentUrl\":\"https:\/\/melegbait.ba\/wp-content\/uploads\/2020\/11\/catcher-liquid-strawberry-lotus.jpg\",\"width\":600,\"height\":800},{\"@type\":\"BreadcrumbList\",\"@id\":\"https:\/\/melegbait.ba\/product\/catcher-liquid-strawberry-lotus\/#breadcrumb\",\"itemListElement\":[{\"@type\":\"ListItem\",\"position\":1,\"name\":\"Home\",\"item\":\"https:\/\/melegbait.ba\/\"},{\"@type\":\"ListItem\",\"position\":2,\"name\":\"Shop\",\"item\":\"https:\/\/melegbait.ba\/shop\/\"},{\"@type\":\"ListItem\",\"position\":3,\"name\":\"Catcher Liquid &#8211; Strawberry Lotus\"}]},{\"@type\":\"WebSite\",\"@id\":\"https:\/\/melegbait.ba\/#website\",\"url\":\"https:\/\/melegbait.ba\/\",\"name\":\"Meleg bait\",\"description\":\"Prodaja Feeder i \u0160aranskh komponenti i mamaca\",\"publisher\":{\"@id\":\"https:\/\/melegbait.ba\/#organization\"},\"potentialAction\":[{\"@type\":\"SearchAction\",\"target\":{\"@type\":\"EntryPoint\",\"urlTemplate\":\"https:\/\/melegbait.ba\/?s={search_term_string}\"},\"query-input\":{\"@type\":\"PropertyValueSpecification\",\"valueRequired\":true,\"valueName\":\"search_term_string\"}}],\"inLanguage\":\"en-GB\"},{\"@type\":\"Organization\",\"@id\":\"https:\/\/melegbait.ba\/#organization\",\"name\":\"Meleg Baits\",\"url\":\"https:\/\/melegbait.ba\/\",\"logo\":{\"@type\":\"ImageObject\",\"inLanguage\":\"en-GB\",\"@id\":\"https:\/\/melegbait.ba\/#\/schema\/logo\/image\/\",\"url\":\"https:\/\/melegbait.ba\/wp-content\/uploads\/2021\/02\/mblogo.jpg\",\"contentUrl\":\"https:\/\/melegbait.ba\/wp-content\/uploads\/2021\/02\/mblogo.jpg\",\"width\":250,\"height\":250,\"caption\":\"Meleg Baits\"},\"image\":{\"@id\":\"https:\/\/melegbait.ba\/#\/schema\/logo\/image\/\"},\"sameAs\":[\"https:\/\/www.facebook.com\/MelegBait\"]}]}<\/script>\n<!-- \/ Yoast SEO plugin. -->","yoast_head_json":{"title":"Catcher Liquid - Strawberry Lotus - Meleg bait BiH","robots":{"index":"index","follow":"follow","max-snippet":"max-snippet:-1","max-image-preview":"max-image-preview:large","max-video-preview":"max-video-preview:-1"},"canonical":"https:\/\/melegbait.ba\/en\/product\/catcher-liquid-strawberry-lotus\/","og_locale":"en_GB","og_type":"article","og_title":"Catcher Liquid - Strawberry Lotus - Meleg bait BiH","og_description":"Catcher Liquid je univerzalan miks te\u010dnosti koji u sebi nosi sve neophodne sastojke za izradu boila. Atraktori, izaziva\u010di gladi, poja\u010diva\u010di ukusa, miks amino kiselina, betain, aroma&#8230; sve je tu. Ako imate spreman boili miks, samo treba dodati Catcher liquid i jaja. Mo\u017ee se koristiti sa Catcher Boilie Mix-evim ili bilo kojim drugim miksom koji ste [&hellip;]","og_url":"https:\/\/melegbait.ba\/en\/product\/catcher-liquid-strawberry-lotus\/","og_site_name":"Meleg bait BiH","article_publisher":"https:\/\/www.facebook.com\/MelegBait","article_modified_time":"2024-02-09T21:26:32+00:00","og_image":[{"width":600,"height":800,"url":"https:\/\/melegbait.ba\/wp-content\/uploads\/2020\/11\/catcher-liquid-strawberry-lotus.jpg","type":"image\/jpeg"}],"twitter_card":"summary_large_image","twitter_misc":{"Estimated reading time":"1 minute"},"schema":{"@context":"https:\/\/schema.org","@graph":[{"@type":"WebPage","@id":"https:\/\/melegbait.ba\/product\/catcher-liquid-strawberry-lotus\/","url":"https:\/\/melegbait.ba\/product\/catcher-liquid-strawberry-lotus\/","name":"Catcher Liquid - Strawberry Lotus - Meleg bait BiH","isPartOf":{"@id":"https:\/\/melegbait.ba\/#website"},"primaryImageOfPage":{"@id":"https:\/\/melegbait.ba\/product\/catcher-liquid-strawberry-lotus\/#primaryimage"},"image":{"@id":"https:\/\/melegbait.ba\/product\/catcher-liquid-strawberry-lotus\/#primaryimage"},"thumbnailUrl":"https:\/\/melegbait.ba\/wp-content\/uploads\/2020\/11\/catcher-liquid-strawberry-lotus.jpg","datePublished":"2020-11-23T12:09:08+00:00","dateModified":"2024-02-09T21:26:32+00:00","breadcrumb":{"@id":"https:\/\/melegbait.ba\/product\/catcher-liquid-strawberry-lotus\/#breadcrumb"},"inLanguage":"en-GB","potentialAction":[{"@type":"ReadAction","target":["https:\/\/melegbait.ba\/product\/catcher-liquid-strawberry-lotus\/"]}]},{"@type":"ImageObject","inLanguage":"en-GB","@id":"https:\/\/melegbait.ba\/product\/catcher-liquid-strawberry-lotus\/#primaryimage","url":"https:\/\/melegbait.ba\/wp-content\/uploads\/2020\/11\/catcher-liquid-strawberry-lotus.jpg","contentUrl":"https:\/\/melegbait.ba\/wp-content\/uploads\/2020\/11\/catcher-liquid-strawberry-lotus.jpg","width":600,"height":800},{"@type":"BreadcrumbList","@id":"https:\/\/melegbait.ba\/product\/catcher-liquid-strawberry-lotus\/#breadcrumb","itemListElement":[{"@type":"ListItem","position":1,"name":"Home","item":"https:\/\/melegbait.ba\/"},{"@type":"ListItem","position":2,"name":"Shop","item":"https:\/\/melegbait.ba\/shop\/"},{"@type":"ListItem","position":3,"name":"Catcher Liquid &#8211; Strawberry Lotus"}]},{"@type":"WebSite","@id":"https:\/\/melegbait.ba\/#website","url":"https:\/\/melegbait.ba\/","name":"Meleg bait","description":"Prodaja Feeder i \u0160aranskh komponenti i mamaca","publisher":{"@id":"https:\/\/melegbait.ba\/#organization"},"potentialAction":[{"@type":"SearchAction","target":{"@type":"EntryPoint","urlTemplate":"https:\/\/melegbait.ba\/?s={search_term_string}"},"query-input":{"@type":"PropertyValueSpecification","valueRequired":true,"valueName":"search_term_string"}}],"inLanguage":"en-GB"},{"@type":"Organization","@id":"https:\/\/melegbait.ba\/#organization","name":"Meleg Baits","url":"https:\/\/melegbait.ba\/","logo":{"@type":"ImageObject","inLanguage":"en-GB","@id":"https:\/\/melegbait.ba\/#\/schema\/logo\/image\/","url":"https:\/\/melegbait.ba\/wp-content\/uploads\/2021\/02\/mblogo.jpg","contentUrl":"https:\/\/melegbait.ba\/wp-content\/uploads\/2021\/02\/mblogo.jpg","width":250,"height":250,"caption":"Meleg Baits"},"image":{"@id":"https:\/\/melegbait.ba\/#\/schema\/logo\/image\/"},"sameAs":["https:\/\/www.facebook.com\/MelegBait"]}]}},"_links":{"self":[{"href":"https:\/\/melegbait.ba\/en\/wp-json\/wp\/v2\/product\/30893","targetHints":{"allow":["GET"]}}],"collection":[{"href":"https:\/\/melegbait.ba\/en\/wp-json\/wp\/v2\/product"}],"about":[{"href":"https:\/\/melegbait.ba\/en\/wp-json\/wp\/v2\/types\/product"}],"replies":[{"embeddable":true,"href":"https:\/\/melegbait.ba\/en\/wp-json\/wp\/v2\/comments?post=30893"}],"wp:featuredmedia":[{"embeddable":true,"href":"https:\/\/melegbait.ba\/en\/wp-json\/wp\/v2\/media\/30769"}],"wp:attachment":[{"href":"https:\/\/melegbait.ba\/en\/wp-json\/wp\/v2\/media?parent=30893"}],"wp:term":[{"taxonomy":"product_brand","embeddable":true,"href":"https:\/\/melegbait.ba\/en\/wp-json\/wp\/v2\/product_brand?post=30893"},{"taxonomy":"product_cat","embeddable":true,"href":"https:\/\/melegbait.ba\/en\/wp-json\/wp\/v2\/product_cat?post=30893"},{"taxonomy":"product_tag","embeddable":true,"href":"https:\/\/melegbait.ba\/en\/wp-json\/wp\/v2\/product_tag?post=30893"}],"curies":[{"name":"wp","href":"https:\/\/api.w.org\/{rel}","templated":true}]}}