{"id":30878,"date":"2020-11-23T12:31:13","date_gmt":"2020-11-23T11:31:13","guid":{"rendered":"https:\/\/melegbait.com\/?post_type=product&#038;p=30878"},"modified":"2024-02-09T22:27:04","modified_gmt":"2024-02-09T21:27:04","slug":"freeze-boilie-base-mix","status":"publish","type":"product","link":"https:\/\/melegbait.ba\/en\/product\/freeze-boilie-base-mix\/","title":{"rendered":"Freeze Boilie base mix F1"},"content":{"rendered":"<p>High-end boilie mixes<\/p>\n<p>Precised measures of ingredients<\/p>\n<p>Competition series<\/p>\n<p>Package: 1kg<\/p>\n<h3>\u00a0<strong><br \/><\/strong><\/h3>\n<p><br \/><\/p>\n<p><strong><br \/><\/strong><\/p>\n<p><br \/><\/p>\n<p><strong><br \/><\/strong><\/p>\n<p><br \/><\/p>\n<p><br \/><br \/>\n<br \/><br \/>\n<br \/><br \/>\n<br \/><\/p>\n<p>&nbsp;<\/p>","protected":false},"excerpt":{"rendered":"<p>Recepti za Freeze Mix su razvijani u saradnji sa Toni Milsom vi\u0161e od 20 godina. Ideja koja stoji iza Freeze mikseva i ono \u0161to ih isti\u010de jeste da su geografski prilago\u0111eni na\u0161im prostorima, odnosno, strogo smo vodili ra\u010duna da po parametrima kao \u0161to su Ph vrednost vode, bio top, tvrdo\u0107a vode, hemijski sastav i drugi [&hellip;]<\/p>","protected":false},"featured_media":30808,"comment_status":"open","ping_status":"closed","template":"","meta":{"_et_pb_use_builder":"","_et_pb_old_content":"","_et_gb_content_width":""},"product_brand":[],"product_cat":[31,38,64],"product_tag":[],"class_list":{"0":"post-30878","1":"product","2":"type-product","3":"status-publish","4":"has-post-thumbnail","6":"product_cat-carp","7":"product_cat-boili-mixevi","8":"product_cat-freeze-mix","10":"first","11":"instock","12":"taxable","13":"shipping-taxable","14":"purchasable","15":"product-type-simple"},"yoast_head":"<!-- This site is optimized with the Yoast SEO plugin v26.7 - https:\/\/yoast.com\/wordpress\/plugins\/seo\/ -->\n<title>Freeze Boilie base mix F1 - Meleg bait BiH<\/title>\n<meta name=\"robots\" content=\"index, follow, max-snippet:-1, max-image-preview:large, max-video-preview:-1\" \/>\n<link rel=\"canonical\" href=\"https:\/\/melegbait.ba\/en\/product\/freeze-boilie-base-mix\/\" \/>\n<meta property=\"og:locale\" content=\"en_GB\" \/>\n<meta property=\"og:type\" content=\"article\" \/>\n<meta property=\"og:title\" content=\"Freeze Boilie base mix F1 - Meleg bait BiH\" \/>\n<meta property=\"og:description\" content=\"Recepti za Freeze Mix su razvijani u saradnji sa Toni Milsom vi\u0161e od 20 godina. Ideja koja stoji iza Freeze mikseva i ono \u0161to ih isti\u010de jeste da su geografski prilago\u0111eni na\u0161im prostorima, odnosno, strogo smo vodili ra\u010duna da po parametrima kao \u0161to su Ph vrednost vode, bio top, tvrdo\u0107a vode, hemijski sastav i drugi [&hellip;]\" \/>\n<meta property=\"og:url\" content=\"https:\/\/melegbait.ba\/en\/product\/freeze-boilie-base-mix\/\" \/>\n<meta property=\"og:site_name\" content=\"Meleg bait BiH\" \/>\n<meta property=\"article:publisher\" content=\"https:\/\/www.facebook.com\/MelegBait\" \/>\n<meta property=\"article:modified_time\" content=\"2024-02-09T21:27:04+00:00\" \/>\n<meta property=\"og:image\" content=\"https:\/\/melegbait.ba\/wp-content\/uploads\/2020\/11\/freeze-boilie-base-mix-f1.jpg\" \/>\n\t<meta property=\"og:image:width\" content=\"600\" \/>\n\t<meta property=\"og:image:height\" content=\"800\" \/>\n\t<meta property=\"og:image:type\" content=\"image\/jpeg\" \/>\n<meta name=\"twitter:card\" content=\"summary_large_image\" \/>\n<meta name=\"twitter:label1\" content=\"Estimated reading time\" \/>\n\t<meta name=\"twitter:data1\" content=\"2 minutes\" \/>\n<script type=\"application\/ld+json\" class=\"yoast-schema-graph\">{\"@context\":\"https:\/\/schema.org\",\"@graph\":[{\"@type\":\"WebPage\",\"@id\":\"https:\/\/melegbait.ba\/product\/freeze-boilie-base-mix\/\",\"url\":\"https:\/\/melegbait.ba\/product\/freeze-boilie-base-mix\/\",\"name\":\"Freeze Boilie base mix F1 - Meleg bait BiH\",\"isPartOf\":{\"@id\":\"https:\/\/melegbait.ba\/#website\"},\"primaryImageOfPage\":{\"@id\":\"https:\/\/melegbait.ba\/product\/freeze-boilie-base-mix\/#primaryimage\"},\"image\":{\"@id\":\"https:\/\/melegbait.ba\/product\/freeze-boilie-base-mix\/#primaryimage\"},\"thumbnailUrl\":\"https:\/\/melegbait.ba\/wp-content\/uploads\/2020\/11\/freeze-boilie-base-mix-f1.jpg\",\"datePublished\":\"2020-11-23T11:31:13+00:00\",\"dateModified\":\"2024-02-09T21:27:04+00:00\",\"breadcrumb\":{\"@id\":\"https:\/\/melegbait.ba\/product\/freeze-boilie-base-mix\/#breadcrumb\"},\"inLanguage\":\"en-GB\",\"potentialAction\":[{\"@type\":\"ReadAction\",\"target\":[\"https:\/\/melegbait.ba\/product\/freeze-boilie-base-mix\/\"]}]},{\"@type\":\"ImageObject\",\"inLanguage\":\"en-GB\",\"@id\":\"https:\/\/melegbait.ba\/product\/freeze-boilie-base-mix\/#primaryimage\",\"url\":\"https:\/\/melegbait.ba\/wp-content\/uploads\/2020\/11\/freeze-boilie-base-mix-f1.jpg\",\"contentUrl\":\"https:\/\/melegbait.ba\/wp-content\/uploads\/2020\/11\/freeze-boilie-base-mix-f1.jpg\",\"width\":600,\"height\":800},{\"@type\":\"BreadcrumbList\",\"@id\":\"https:\/\/melegbait.ba\/product\/freeze-boilie-base-mix\/#breadcrumb\",\"itemListElement\":[{\"@type\":\"ListItem\",\"position\":1,\"name\":\"Home\",\"item\":\"https:\/\/melegbait.ba\/\"},{\"@type\":\"ListItem\",\"position\":2,\"name\":\"Shop\",\"item\":\"https:\/\/melegbait.ba\/shop\/\"},{\"@type\":\"ListItem\",\"position\":3,\"name\":\"Freeze Boilie base mix F1\"}]},{\"@type\":\"WebSite\",\"@id\":\"https:\/\/melegbait.ba\/#website\",\"url\":\"https:\/\/melegbait.ba\/\",\"name\":\"Meleg bait\",\"description\":\"Prodaja Feeder i \u0160aranskh komponenti i mamaca\",\"publisher\":{\"@id\":\"https:\/\/melegbait.ba\/#organization\"},\"potentialAction\":[{\"@type\":\"SearchAction\",\"target\":{\"@type\":\"EntryPoint\",\"urlTemplate\":\"https:\/\/melegbait.ba\/?s={search_term_string}\"},\"query-input\":{\"@type\":\"PropertyValueSpecification\",\"valueRequired\":true,\"valueName\":\"search_term_string\"}}],\"inLanguage\":\"en-GB\"},{\"@type\":\"Organization\",\"@id\":\"https:\/\/melegbait.ba\/#organization\",\"name\":\"Meleg Baits\",\"url\":\"https:\/\/melegbait.ba\/\",\"logo\":{\"@type\":\"ImageObject\",\"inLanguage\":\"en-GB\",\"@id\":\"https:\/\/melegbait.ba\/#\/schema\/logo\/image\/\",\"url\":\"https:\/\/melegbait.ba\/wp-content\/uploads\/2021\/02\/mblogo.jpg\",\"contentUrl\":\"https:\/\/melegbait.ba\/wp-content\/uploads\/2021\/02\/mblogo.jpg\",\"width\":250,\"height\":250,\"caption\":\"Meleg Baits\"},\"image\":{\"@id\":\"https:\/\/melegbait.ba\/#\/schema\/logo\/image\/\"},\"sameAs\":[\"https:\/\/www.facebook.com\/MelegBait\"]}]}<\/script>\n<!-- \/ Yoast SEO plugin. -->","yoast_head_json":{"title":"Freeze Boilie base mix F1 - Meleg bait BiH","robots":{"index":"index","follow":"follow","max-snippet":"max-snippet:-1","max-image-preview":"max-image-preview:large","max-video-preview":"max-video-preview:-1"},"canonical":"https:\/\/melegbait.ba\/en\/product\/freeze-boilie-base-mix\/","og_locale":"en_GB","og_type":"article","og_title":"Freeze Boilie base mix F1 - Meleg bait BiH","og_description":"Recepti za Freeze Mix su razvijani u saradnji sa Toni Milsom vi\u0161e od 20 godina. Ideja koja stoji iza Freeze mikseva i ono \u0161to ih isti\u010de jeste da su geografski prilago\u0111eni na\u0161im prostorima, odnosno, strogo smo vodili ra\u010duna da po parametrima kao \u0161to su Ph vrednost vode, bio top, tvrdo\u0107a vode, hemijski sastav i drugi [&hellip;]","og_url":"https:\/\/melegbait.ba\/en\/product\/freeze-boilie-base-mix\/","og_site_name":"Meleg bait BiH","article_publisher":"https:\/\/www.facebook.com\/MelegBait","article_modified_time":"2024-02-09T21:27:04+00:00","og_image":[{"width":600,"height":800,"url":"https:\/\/melegbait.ba\/wp-content\/uploads\/2020\/11\/freeze-boilie-base-mix-f1.jpg","type":"image\/jpeg"}],"twitter_card":"summary_large_image","twitter_misc":{"Estimated reading time":"2 minutes"},"schema":{"@context":"https:\/\/schema.org","@graph":[{"@type":"WebPage","@id":"https:\/\/melegbait.ba\/product\/freeze-boilie-base-mix\/","url":"https:\/\/melegbait.ba\/product\/freeze-boilie-base-mix\/","name":"Freeze Boilie base mix F1 - Meleg bait BiH","isPartOf":{"@id":"https:\/\/melegbait.ba\/#website"},"primaryImageOfPage":{"@id":"https:\/\/melegbait.ba\/product\/freeze-boilie-base-mix\/#primaryimage"},"image":{"@id":"https:\/\/melegbait.ba\/product\/freeze-boilie-base-mix\/#primaryimage"},"thumbnailUrl":"https:\/\/melegbait.ba\/wp-content\/uploads\/2020\/11\/freeze-boilie-base-mix-f1.jpg","datePublished":"2020-11-23T11:31:13+00:00","dateModified":"2024-02-09T21:27:04+00:00","breadcrumb":{"@id":"https:\/\/melegbait.ba\/product\/freeze-boilie-base-mix\/#breadcrumb"},"inLanguage":"en-GB","potentialAction":[{"@type":"ReadAction","target":["https:\/\/melegbait.ba\/product\/freeze-boilie-base-mix\/"]}]},{"@type":"ImageObject","inLanguage":"en-GB","@id":"https:\/\/melegbait.ba\/product\/freeze-boilie-base-mix\/#primaryimage","url":"https:\/\/melegbait.ba\/wp-content\/uploads\/2020\/11\/freeze-boilie-base-mix-f1.jpg","contentUrl":"https:\/\/melegbait.ba\/wp-content\/uploads\/2020\/11\/freeze-boilie-base-mix-f1.jpg","width":600,"height":800},{"@type":"BreadcrumbList","@id":"https:\/\/melegbait.ba\/product\/freeze-boilie-base-mix\/#breadcrumb","itemListElement":[{"@type":"ListItem","position":1,"name":"Home","item":"https:\/\/melegbait.ba\/"},{"@type":"ListItem","position":2,"name":"Shop","item":"https:\/\/melegbait.ba\/shop\/"},{"@type":"ListItem","position":3,"name":"Freeze Boilie base mix F1"}]},{"@type":"WebSite","@id":"https:\/\/melegbait.ba\/#website","url":"https:\/\/melegbait.ba\/","name":"Meleg bait","description":"Prodaja Feeder i \u0160aranskh komponenti i mamaca","publisher":{"@id":"https:\/\/melegbait.ba\/#organization"},"potentialAction":[{"@type":"SearchAction","target":{"@type":"EntryPoint","urlTemplate":"https:\/\/melegbait.ba\/?s={search_term_string}"},"query-input":{"@type":"PropertyValueSpecification","valueRequired":true,"valueName":"search_term_string"}}],"inLanguage":"en-GB"},{"@type":"Organization","@id":"https:\/\/melegbait.ba\/#organization","name":"Meleg Baits","url":"https:\/\/melegbait.ba\/","logo":{"@type":"ImageObject","inLanguage":"en-GB","@id":"https:\/\/melegbait.ba\/#\/schema\/logo\/image\/","url":"https:\/\/melegbait.ba\/wp-content\/uploads\/2021\/02\/mblogo.jpg","contentUrl":"https:\/\/melegbait.ba\/wp-content\/uploads\/2021\/02\/mblogo.jpg","width":250,"height":250,"caption":"Meleg Baits"},"image":{"@id":"https:\/\/melegbait.ba\/#\/schema\/logo\/image\/"},"sameAs":["https:\/\/www.facebook.com\/MelegBait"]}]}},"_links":{"self":[{"href":"https:\/\/melegbait.ba\/en\/wp-json\/wp\/v2\/product\/30878","targetHints":{"allow":["GET"]}}],"collection":[{"href":"https:\/\/melegbait.ba\/en\/wp-json\/wp\/v2\/product"}],"about":[{"href":"https:\/\/melegbait.ba\/en\/wp-json\/wp\/v2\/types\/product"}],"replies":[{"embeddable":true,"href":"https:\/\/melegbait.ba\/en\/wp-json\/wp\/v2\/comments?post=30878"}],"wp:featuredmedia":[{"embeddable":true,"href":"https:\/\/melegbait.ba\/en\/wp-json\/wp\/v2\/media\/30808"}],"wp:attachment":[{"href":"https:\/\/melegbait.ba\/en\/wp-json\/wp\/v2\/media?parent=30878"}],"wp:term":[{"taxonomy":"product_brand","embeddable":true,"href":"https:\/\/melegbait.ba\/en\/wp-json\/wp\/v2\/product_brand?post=30878"},{"taxonomy":"product_cat","embeddable":true,"href":"https:\/\/melegbait.ba\/en\/wp-json\/wp\/v2\/product_cat?post=30878"},{"taxonomy":"product_tag","embeddable":true,"href":"https:\/\/melegbait.ba\/en\/wp-json\/wp\/v2\/product_tag?post=30878"}],"curies":[{"name":"wp","href":"https:\/\/api.w.org\/{rel}","templated":true}]}}